{"id":559,"date":"2020-03-22T18:15:29","date_gmt":"2020-03-22T17:15:29","guid":{"rendered":"http:\/\/pika-kilns.com\/product\/elektricne-peci-za-zganje-keramike-2\/"},"modified":"2020-03-22T18:15:29","modified_gmt":"2020-03-22T17:15:29","slug":"elektricne-peci-za-zganje-keramike-2","status":"publish","type":"product","link":"https:\/\/pika-kilns.com\/sl\/izdelek\/elektricne-peci-za-zganje-keramike-2\/","title":{"rendered":"Elektri\u010dne pe\u010di za \u017eganje keramike"},"content":{"rendered":"<p>Vse pe\u010di imajo mikroprocesorsko regulacijo, ki omogo\u010da natan\u010dno vodenje krivulje \u017eganja in zelo enostavno uporabo.&nbsp; V kompletu je v\u0161teto stojalo za pe\u010d,&nbsp; 2 vlo\u017eni plo\u0161\u010di in 9 podstavkov za plo\u0161\u010de.<br \/>Ohi\u0161je je iz inox plo\u010devine.<br \/>Garancija 3 leta.<\/p>\n<p><\/p>\n<table border=\"0\" cellspacing=\"1\" cellpadding=\"1\" class=\"mce-item-table\">\n<tbody>\n<tr>\n<td>\n<h3><strong>Volume<\/strong><\/h3>\n<\/td>\n<td>\n<h3><strong>*Notranja dim. (cm)&nbsp;<\/strong><\/h3>\n<\/td>\n<td>\n<h3><strong>*Zunanja dim. (cm)<\/strong><\/h3>\n<\/td>\n<td>\n<h3><strong>Max. temp. \u00b0C<\/strong><\/h3>\n<\/td>\n<td>\n<h3><strong>kW<\/strong><\/h3>\n<\/td>\n<td>\n<h3><strong>Volt<\/strong><\/h3>\n<\/td>\n<\/tr>\n<tr>\n<td>PIKA 56 LH<\/td>\n<td>35 x 41 x 40<\/td>\n<td>69 +10 x 82 x 79<\/td>\n<td>1300<\/td>\n<td>3.8 ali 6<\/td>\n<td>230 or 400<\/td>\n<\/tr>\n<tr>\n<td>PIKA 56L<\/td>\n<td>35 x 41 x 40<\/td>\n<td>69 + 10 x 82 x 79<\/td>\n<td>1200<\/td>\n<td>3.5<\/td>\n<td>230<\/td>\n<\/tr>\n<tr>\n<td>PIKA 85L<\/td>\n<td>45 x 46 x 42<\/td>\n<td>69 + 10 x 85 x 85<\/td>\n<td>1050<\/td>\n<td>3.5<\/td>\n<td>230<\/td>\n<\/tr>\n<tr>\n<td>PIKA 120L<\/td>\n<td>40 x 50 x 59<\/td>\n<td>69 + 10 x 85 x 85<\/td>\n<td>1200<\/td>\n<td>6 &#8211; 9<\/td>\n<td>400<\/td>\n<\/tr>\n<tr>\n<td>PIKA 120LH<\/td>\n<td>40 x 50 x 59<\/td>\n<td>69 + 10 x 85 x 85<\/td>\n<td>1300<\/td>\n<td>9 (12)<\/td>\n<td>400<\/td>\n<\/tr>\n<tr>\n<td>PIKA 170 L<\/td>\n<td>48 x 58 x 62<\/td>\n<td>79 + 10 x 95 x 103<\/td>\n<td>1050<\/td>\n<td>6<\/td>\n<td>400<\/td>\n<\/tr>\n<tr>\n<td>PIKA 210 L<\/td>\n<td>50 x 60 x 70<\/td>\n<td>97 + 13 x 115 x 136<\/td>\n<td>1200<\/td>\n<td>14<\/td>\n<td>400<\/td>\n<\/tr>\n<tr>\n<td>PIKA 210 LH<\/td>\n<td>50 x 60 x 70<\/td>\n<td>97 + 13 x 115 x 136<\/td>\n<td>1300<\/td>\n<td>16<\/td>\n<td>400<\/td>\n<\/tr>\n<tr>\n<td>PIKA 250 LB<\/td>\n<td>50 x 60 x 84<\/td>\n<td>97 + 13 x 115 x 166<\/td>\n<td>1200<\/td>\n<td>14 -16<\/td>\n<td>400<\/td>\n<\/tr>\n<tr>\n<td>PIKA 250 LH<\/td>\n<td>50 x 60 x 84<\/td>\n<td>97 + 13 x 115 x 166<\/td>\n<td>1300<\/td>\n<td>16 -18<\/td>\n<td>400<\/td>\n<\/tr>\n<tr>\n<td>PIKA 300 LB<\/td>\n<td>66 x 66 x 70<\/td>\n<td>105 + 13 x 103 x 130<\/td>\n<td>105<\/td>\n<td>12<\/td>\n<td>400<\/td>\n<\/tr>\n<tr>\n<td>PIKA 500 LH<\/td>\n<td>60 x 80 x 96<\/td>\n<td>118 + 13 x 135 x 155<\/td>\n<td>1200<\/td>\n<td>18 &#8211; 21<\/td>\n<td>400<\/td>\n<\/tr>\n<tr>\n<td>PIKA 500 LH<\/td>\n<td>60 x 80 x 96<\/td>\n<td>118 + 13 x 135 x 155<\/td>\n<td>1300<\/td>\n<td>21<\/td>\n<td>400<\/td>\n<\/tr>\n<\/tbody>\n<\/table>\n<p>*Notranja&nbsp;dim. (cm) W x L x H<br \/>*Zunanja dim. (cm) W x L x H<\/p>\n","protected":false},"excerpt":{"rendered":"<p>Pe\u010di imajo ohi\u0161je iz inox plo\u010devine in izolacijo kombinirano iz kerami\u010dne volne in izolacijske opeke.<\/p>\n","protected":false},"featured_media":364,"template":"","meta":[],"product_cat":[38],"product_tag":[],"yoast_head":"<!-- This site is optimized with the Yoast SEO plugin v19.9 - https:\/\/yoast.com\/wordpress\/plugins\/seo\/ -->\n<title>Elektri\u010dne pe\u010di za \u017eganje keramike - Pika kilns d.o.o.<\/title>\n<meta name=\"robots\" content=\"index, follow, max-snippet:-1, max-image-preview:large, max-video-preview:-1\" \/>\n<link rel=\"canonical\" href=\"https:\/\/pika-kilns.com\/sl\/izdelek\/elektricne-peci-za-zganje-keramike-2\/\" \/>\n<meta property=\"og:locale\" content=\"sl_SI\" \/>\n<meta property=\"og:type\" content=\"article\" \/>\n<meta property=\"og:title\" content=\"Elektri\u010dne pe\u010di za \u017eganje keramike - Pika kilns d.o.o.\" \/>\n<meta property=\"og:description\" content=\"Pe\u010di imajo ohi\u0161je iz inox plo\u010devine in izolacijo kombinirano iz kerami\u010dne volne in izolacijske opeke.\" \/>\n<meta property=\"og:url\" content=\"https:\/\/pika-kilns.com\/sl\/izdelek\/elektricne-peci-za-zganje-keramike-2\/\" \/>\n<meta property=\"og:site_name\" content=\"Pika kilns d.o.o.\" \/>\n<meta property=\"og:image\" content=\"https:\/\/pika-kilns.com\/wp-content\/uploads\/2019\/11\/598f9664-520c-45b3-a4de-c96aa0aff192.jpg\" \/>\n\t<meta property=\"og:image:width\" content=\"400\" \/>\n\t<meta property=\"og:image:height\" content=\"400\" \/>\n\t<meta property=\"og:image:type\" content=\"image\/jpeg\" \/>\n<meta name=\"twitter:card\" content=\"summary_large_image\" \/>\n<meta name=\"twitter:label1\" content=\"Est. reading time\" \/>\n\t<meta name=\"twitter:data1\" content=\"1 minuta\" \/>\n<script type=\"application\/ld+json\" class=\"yoast-schema-graph\">{\"@context\":\"https:\/\/schema.org\",\"@graph\":[{\"@type\":\"WebPage\",\"@id\":\"https:\/\/pika-kilns.com\/sl\/izdelek\/elektricne-peci-za-zganje-keramike-2\/\",\"url\":\"https:\/\/pika-kilns.com\/sl\/izdelek\/elektricne-peci-za-zganje-keramike-2\/\",\"name\":\"Elektri\u010dne pe\u010di za \u017eganje keramike - Pika kilns d.o.o.\",\"isPartOf\":{\"@id\":\"https:\/\/pika-kilns.com\/sl\/#website\"},\"datePublished\":\"2020-03-22T17:15:29+00:00\",\"dateModified\":\"2020-03-22T17:15:29+00:00\",\"breadcrumb\":{\"@id\":\"https:\/\/pika-kilns.com\/sl\/izdelek\/elektricne-peci-za-zganje-keramike-2\/#breadcrumb\"},\"inLanguage\":\"sl-SI\",\"potentialAction\":[{\"@type\":\"ReadAction\",\"target\":[\"https:\/\/pika-kilns.com\/sl\/izdelek\/elektricne-peci-za-zganje-keramike-2\/\"]}]},{\"@type\":\"BreadcrumbList\",\"@id\":\"https:\/\/pika-kilns.com\/sl\/izdelek\/elektricne-peci-za-zganje-keramike-2\/#breadcrumb\",\"itemListElement\":[{\"@type\":\"ListItem\",\"position\":1,\"name\":\"Domov\",\"item\":\"https:\/\/pika-kilns.com\/sl\/\"},{\"@type\":\"ListItem\",\"position\":2,\"name\":\"Shop\",\"item\":\"https:\/\/pika-kilns.com\/shop\/\"},{\"@type\":\"ListItem\",\"position\":3,\"name\":\"Elektri\u010dne pe\u010di za \u017eganje keramike\"}]},{\"@type\":\"WebSite\",\"@id\":\"https:\/\/pika-kilns.com\/sl\/#website\",\"url\":\"https:\/\/pika-kilns.com\/sl\/\",\"name\":\"Pika kilns d.o.o.\",\"description\":\"Production of electric kilns for glass and ceramic\",\"potentialAction\":[{\"@type\":\"SearchAction\",\"target\":{\"@type\":\"EntryPoint\",\"urlTemplate\":\"https:\/\/pika-kilns.com\/sl\/?s={search_term_string}\"},\"query-input\":\"required name=search_term_string\"}],\"inLanguage\":\"sl-SI\"}]}<\/script>\n<!-- \/ Yoast SEO plugin. -->","yoast_head_json":{"title":"Elektri\u010dne pe\u010di za \u017eganje keramike - Pika kilns d.o.o.","robots":{"index":"index","follow":"follow","max-snippet":"max-snippet:-1","max-image-preview":"max-image-preview:large","max-video-preview":"max-video-preview:-1"},"canonical":"https:\/\/pika-kilns.com\/sl\/izdelek\/elektricne-peci-za-zganje-keramike-2\/","og_locale":"sl_SI","og_type":"article","og_title":"Elektri\u010dne pe\u010di za \u017eganje keramike - Pika kilns d.o.o.","og_description":"Pe\u010di imajo ohi\u0161je iz inox plo\u010devine in izolacijo kombinirano iz kerami\u010dne volne in izolacijske opeke.","og_url":"https:\/\/pika-kilns.com\/sl\/izdelek\/elektricne-peci-za-zganje-keramike-2\/","og_site_name":"Pika kilns d.o.o.","og_image":[{"width":400,"height":400,"url":"https:\/\/pika-kilns.com\/wp-content\/uploads\/2019\/11\/598f9664-520c-45b3-a4de-c96aa0aff192.jpg","type":"image\/jpeg"}],"twitter_card":"summary_large_image","twitter_misc":{"Est. reading time":"1 minuta"},"schema":{"@context":"https:\/\/schema.org","@graph":[{"@type":"WebPage","@id":"https:\/\/pika-kilns.com\/sl\/izdelek\/elektricne-peci-za-zganje-keramike-2\/","url":"https:\/\/pika-kilns.com\/sl\/izdelek\/elektricne-peci-za-zganje-keramike-2\/","name":"Elektri\u010dne pe\u010di za \u017eganje keramike - Pika kilns d.o.o.","isPartOf":{"@id":"https:\/\/pika-kilns.com\/sl\/#website"},"datePublished":"2020-03-22T17:15:29+00:00","dateModified":"2020-03-22T17:15:29+00:00","breadcrumb":{"@id":"https:\/\/pika-kilns.com\/sl\/izdelek\/elektricne-peci-za-zganje-keramike-2\/#breadcrumb"},"inLanguage":"sl-SI","potentialAction":[{"@type":"ReadAction","target":["https:\/\/pika-kilns.com\/sl\/izdelek\/elektricne-peci-za-zganje-keramike-2\/"]}]},{"@type":"BreadcrumbList","@id":"https:\/\/pika-kilns.com\/sl\/izdelek\/elektricne-peci-za-zganje-keramike-2\/#breadcrumb","itemListElement":[{"@type":"ListItem","position":1,"name":"Domov","item":"https:\/\/pika-kilns.com\/sl\/"},{"@type":"ListItem","position":2,"name":"Shop","item":"https:\/\/pika-kilns.com\/shop\/"},{"@type":"ListItem","position":3,"name":"Elektri\u010dne pe\u010di za \u017eganje keramike"}]},{"@type":"WebSite","@id":"https:\/\/pika-kilns.com\/sl\/#website","url":"https:\/\/pika-kilns.com\/sl\/","name":"Pika kilns d.o.o.","description":"Production of electric kilns for glass and ceramic","potentialAction":[{"@type":"SearchAction","target":{"@type":"EntryPoint","urlTemplate":"https:\/\/pika-kilns.com\/sl\/?s={search_term_string}"},"query-input":"required name=search_term_string"}],"inLanguage":"sl-SI"}]}},"_links":{"self":[{"href":"https:\/\/pika-kilns.com\/sl\/wp-json\/wp\/v2\/product\/559"}],"collection":[{"href":"https:\/\/pika-kilns.com\/sl\/wp-json\/wp\/v2\/product"}],"about":[{"href":"https:\/\/pika-kilns.com\/sl\/wp-json\/wp\/v2\/types\/product"}],"wp:featuredmedia":[{"embeddable":true,"href":"https:\/\/pika-kilns.com\/sl\/wp-json\/wp\/v2\/media\/364"}],"wp:attachment":[{"href":"https:\/\/pika-kilns.com\/sl\/wp-json\/wp\/v2\/media?parent=559"}],"wp:term":[{"taxonomy":"product_cat","embeddable":true,"href":"https:\/\/pika-kilns.com\/sl\/wp-json\/wp\/v2\/product_cat?post=559"},{"taxonomy":"product_tag","embeddable":true,"href":"https:\/\/pika-kilns.com\/sl\/wp-json\/wp\/v2\/product_tag?post=559"}],"curies":[{"name":"wp","href":"https:\/\/api.w.org\/{rel}","templated":true}]}}