{"id":555,"date":"2019-11-20T10:10:29","date_gmt":"2019-11-20T09:10:29","guid":{"rendered":"http:\/\/pika-kilns.com\/product\/pec-za-napuscanje-stekla-2\/"},"modified":"2020-04-02T11:17:19","modified_gmt":"2020-04-02T10:17:19","slug":"pec-za-napuscanje-stekla-2","status":"publish","type":"product","link":"https:\/\/pika-kilns.com\/sl\/izdelek\/pec-za-napuscanje-stekla-2\/","title":{"rendered":"Pe\u010d za napu\u0161\u010danje stekla"},"content":{"rendered":"<table class=\"1\" border=\"0\" cellspacing=\"1\" cellpadding=\"1\">\n<tbody>\n<tr>\n<td><strong>Model<\/strong><\/td>\n<td><strong>Inside dim. (cm)\u00a0<\/strong><\/td>\n<td><strong>Max. temp\u00b0C<\/strong><\/td>\n<td><strong>kW<\/strong><\/td>\n<td><strong>Volt<\/strong><\/td>\n<td><strong>Amp<\/strong>&lt;<\/td>\n<\/tr>\n<tr>\n<td>A-570<\/td>\n<td>900 x 700 x 900 mm, with two pneumatic doors, holes 400 x 350 mm,<\/td>\n<td>650<\/td>\n<td>18<\/td>\n<td>400<\/td>\n<td>40 A<\/td>\n<\/tr>\n<tr>\n<td>A-2000<\/td>\n<td>200 x L. 100 x H. 100 mm, with two pneumatic doors, holes 400 x 300 mm<\/td>\n<td>650<\/td>\n<td>6<\/td>\n<td>400<\/td>\n<td>40 A<\/td>\n<\/tr>\n<tr>\n<td>A-2700<\/td>\n<td>\u00a0270 x 100 x 100\u00a0 , with two pneumatic doors, holes 400 x 400 mm<\/td>\n<td>650<\/td>\n<td>36<\/td>\n<td>400<\/td>\n<td>40 A<\/td>\n<\/tr>\n<\/tbody>\n<\/table>\n<p>&nbsp;<\/p>\n<p>Inside dim. (mm) W x L x Depth<\/p>\n","protected":false},"excerpt":{"rendered":"<p>Model Inside dim. (cm)\u00a0 Max. temp\u00b0C kW Volt Amp&lt; A-570 900 x 700 x 900 mm, with two pneumatic doors, holes 400 x 350 mm, 650 18 400 40 A A-2000 200 x L. 100 x H. 100 mm, with two pneumatic doors, holes 400 x 300 mm 650 6 400 40 A A-2700 \u00a0270&hellip;<\/p>\n","protected":false},"featured_media":557,"template":"","meta":[],"product_cat":[37],"product_tag":[],"yoast_head":"<!-- This site is optimized with the Yoast SEO plugin v19.9 - https:\/\/yoast.com\/wordpress\/plugins\/seo\/ -->\n<title>Pe\u010d za napu\u0161\u010danje stekla - Pika kilns d.o.o.<\/title>\n<meta name=\"robots\" content=\"index, follow, max-snippet:-1, max-image-preview:large, max-video-preview:-1\" \/>\n<link rel=\"canonical\" href=\"https:\/\/pika-kilns.com\/sl\/izdelek\/pec-za-napuscanje-stekla-2\/\" \/>\n<meta property=\"og:locale\" content=\"sl_SI\" \/>\n<meta property=\"og:type\" content=\"article\" \/>\n<meta property=\"og:title\" content=\"Pe\u010d za napu\u0161\u010danje stekla - Pika kilns d.o.o.\" \/>\n<meta property=\"og:description\" content=\"Model Inside dim. (cm)\u00a0 Max. temp\u00b0C kW Volt Amp&lt; A-570 900 x 700 x 900 mm, with two pneumatic doors, holes 400 x 350 mm, 650 18 400 40 A A-2000 200 x L. 100 x H. 100 mm, with two pneumatic doors, holes 400 x 300 mm 650 6 400 40 A A-2700 \u00a0270&hellip;\" \/>\n<meta property=\"og:url\" content=\"https:\/\/pika-kilns.com\/sl\/izdelek\/pec-za-napuscanje-stekla-2\/\" \/>\n<meta property=\"og:site_name\" content=\"Pika kilns d.o.o.\" \/>\n<meta property=\"article:modified_time\" content=\"2020-04-02T10:17:19+00:00\" \/>\n<meta property=\"og:image\" content=\"https:\/\/pika-kilns.com\/wp-content\/uploads\/2019\/11\/42927a6c-fb40-445d-9b03-d8aa9b8f9972.jpg\" \/>\n\t<meta property=\"og:image:width\" content=\"794\" \/>\n\t<meta property=\"og:image:height\" content=\"680\" \/>\n\t<meta property=\"og:image:type\" content=\"image\/jpeg\" \/>\n<meta name=\"twitter:card\" content=\"summary_large_image\" \/>\n<script type=\"application\/ld+json\" class=\"yoast-schema-graph\">{\"@context\":\"https:\/\/schema.org\",\"@graph\":[{\"@type\":\"WebPage\",\"@id\":\"https:\/\/pika-kilns.com\/sl\/izdelek\/pec-za-napuscanje-stekla-2\/\",\"url\":\"https:\/\/pika-kilns.com\/sl\/izdelek\/pec-za-napuscanje-stekla-2\/\",\"name\":\"Pe\u010d za napu\u0161\u010danje stekla - Pika kilns d.o.o.\",\"isPartOf\":{\"@id\":\"https:\/\/pika-kilns.com\/sl\/#website\"},\"datePublished\":\"2019-11-20T09:10:29+00:00\",\"dateModified\":\"2020-04-02T10:17:19+00:00\",\"breadcrumb\":{\"@id\":\"https:\/\/pika-kilns.com\/sl\/izdelek\/pec-za-napuscanje-stekla-2\/#breadcrumb\"},\"inLanguage\":\"sl-SI\",\"potentialAction\":[{\"@type\":\"ReadAction\",\"target\":[\"https:\/\/pika-kilns.com\/sl\/izdelek\/pec-za-napuscanje-stekla-2\/\"]}]},{\"@type\":\"BreadcrumbList\",\"@id\":\"https:\/\/pika-kilns.com\/sl\/izdelek\/pec-za-napuscanje-stekla-2\/#breadcrumb\",\"itemListElement\":[{\"@type\":\"ListItem\",\"position\":1,\"name\":\"Domov\",\"item\":\"https:\/\/pika-kilns.com\/sl\/\"},{\"@type\":\"ListItem\",\"position\":2,\"name\":\"Shop\",\"item\":\"https:\/\/pika-kilns.com\/shop\/\"},{\"@type\":\"ListItem\",\"position\":3,\"name\":\"Pe\u010d za napu\u0161\u010danje stekla\"}]},{\"@type\":\"WebSite\",\"@id\":\"https:\/\/pika-kilns.com\/sl\/#website\",\"url\":\"https:\/\/pika-kilns.com\/sl\/\",\"name\":\"Pika kilns d.o.o.\",\"description\":\"Production of electric kilns for glass and ceramic\",\"potentialAction\":[{\"@type\":\"SearchAction\",\"target\":{\"@type\":\"EntryPoint\",\"urlTemplate\":\"https:\/\/pika-kilns.com\/sl\/?s={search_term_string}\"},\"query-input\":\"required name=search_term_string\"}],\"inLanguage\":\"sl-SI\"}]}<\/script>\n<!-- \/ Yoast SEO plugin. -->","yoast_head_json":{"title":"Pe\u010d za napu\u0161\u010danje stekla - Pika kilns d.o.o.","robots":{"index":"index","follow":"follow","max-snippet":"max-snippet:-1","max-image-preview":"max-image-preview:large","max-video-preview":"max-video-preview:-1"},"canonical":"https:\/\/pika-kilns.com\/sl\/izdelek\/pec-za-napuscanje-stekla-2\/","og_locale":"sl_SI","og_type":"article","og_title":"Pe\u010d za napu\u0161\u010danje stekla - Pika kilns d.o.o.","og_description":"Model Inside dim. (cm)\u00a0 Max. temp\u00b0C kW Volt Amp&lt; A-570 900 x 700 x 900 mm, with two pneumatic doors, holes 400 x 350 mm, 650 18 400 40 A A-2000 200 x L. 100 x H. 100 mm, with two pneumatic doors, holes 400 x 300 mm 650 6 400 40 A A-2700 \u00a0270&hellip;","og_url":"https:\/\/pika-kilns.com\/sl\/izdelek\/pec-za-napuscanje-stekla-2\/","og_site_name":"Pika kilns d.o.o.","article_modified_time":"2020-04-02T10:17:19+00:00","og_image":[{"width":794,"height":680,"url":"https:\/\/pika-kilns.com\/wp-content\/uploads\/2019\/11\/42927a6c-fb40-445d-9b03-d8aa9b8f9972.jpg","type":"image\/jpeg"}],"twitter_card":"summary_large_image","schema":{"@context":"https:\/\/schema.org","@graph":[{"@type":"WebPage","@id":"https:\/\/pika-kilns.com\/sl\/izdelek\/pec-za-napuscanje-stekla-2\/","url":"https:\/\/pika-kilns.com\/sl\/izdelek\/pec-za-napuscanje-stekla-2\/","name":"Pe\u010d za napu\u0161\u010danje stekla - Pika kilns d.o.o.","isPartOf":{"@id":"https:\/\/pika-kilns.com\/sl\/#website"},"datePublished":"2019-11-20T09:10:29+00:00","dateModified":"2020-04-02T10:17:19+00:00","breadcrumb":{"@id":"https:\/\/pika-kilns.com\/sl\/izdelek\/pec-za-napuscanje-stekla-2\/#breadcrumb"},"inLanguage":"sl-SI","potentialAction":[{"@type":"ReadAction","target":["https:\/\/pika-kilns.com\/sl\/izdelek\/pec-za-napuscanje-stekla-2\/"]}]},{"@type":"BreadcrumbList","@id":"https:\/\/pika-kilns.com\/sl\/izdelek\/pec-za-napuscanje-stekla-2\/#breadcrumb","itemListElement":[{"@type":"ListItem","position":1,"name":"Domov","item":"https:\/\/pika-kilns.com\/sl\/"},{"@type":"ListItem","position":2,"name":"Shop","item":"https:\/\/pika-kilns.com\/shop\/"},{"@type":"ListItem","position":3,"name":"Pe\u010d za napu\u0161\u010danje stekla"}]},{"@type":"WebSite","@id":"https:\/\/pika-kilns.com\/sl\/#website","url":"https:\/\/pika-kilns.com\/sl\/","name":"Pika kilns d.o.o.","description":"Production of electric kilns for glass and ceramic","potentialAction":[{"@type":"SearchAction","target":{"@type":"EntryPoint","urlTemplate":"https:\/\/pika-kilns.com\/sl\/?s={search_term_string}"},"query-input":"required name=search_term_string"}],"inLanguage":"sl-SI"}]}},"_links":{"self":[{"href":"https:\/\/pika-kilns.com\/sl\/wp-json\/wp\/v2\/product\/555"}],"collection":[{"href":"https:\/\/pika-kilns.com\/sl\/wp-json\/wp\/v2\/product"}],"about":[{"href":"https:\/\/pika-kilns.com\/sl\/wp-json\/wp\/v2\/types\/product"}],"wp:featuredmedia":[{"embeddable":true,"href":"https:\/\/pika-kilns.com\/sl\/wp-json\/wp\/v2\/media\/557"}],"wp:attachment":[{"href":"https:\/\/pika-kilns.com\/sl\/wp-json\/wp\/v2\/media?parent=555"}],"wp:term":[{"taxonomy":"product_cat","embeddable":true,"href":"https:\/\/pika-kilns.com\/sl\/wp-json\/wp\/v2\/product_cat?post=555"},{"taxonomy":"product_tag","embeddable":true,"href":"https:\/\/pika-kilns.com\/sl\/wp-json\/wp\/v2\/product_tag?post=555"}],"curies":[{"name":"wp","href":"https:\/\/api.w.org\/{rel}","templated":true}]}}