{"id":370,"date":"2019-11-20T10:19:06","date_gmt":"2019-11-20T09:19:06","guid":{"rendered":"http:\/\/pika-kilns.com\/product\/elektricna-pec-za-napuscanje-kovin\/"},"modified":"2019-11-20T10:19:06","modified_gmt":"2019-11-20T09:19:06","slug":"elektricna-pec-za-napuscanje-kovin","status":"publish","type":"product","link":"https:\/\/pika-kilns.com\/sl\/izdelek\/elektricna-pec-za-napuscanje-kovin\/","title":{"rendered":"Elektri\u010dna pe\u010d za napu\u0161\u010danje kovin"},"content":{"rendered":"<table border=\"0\" cellspacing=\"1\" cellpadding=\"1\">\n<tbody>\n<tr>\n<td>\n<h3><strong>Volume<\/strong><\/h3>\n<\/td>\n<td>\n<h3><strong>*Zunanja dim. (cm)\u00a0<\/strong><\/h3>\n<\/td>\n<td>\n<h3><strong>Max. temp. 0C<\/strong><\/h3>\n<\/td>\n<td>\n<h3><strong>kW<\/strong><\/h3>\n<\/td>\n<td>\n<h3><strong>Volt<\/strong><\/h3>\n<\/td>\n<\/tr>\n<tr>\n<td>630 L<\/td>\n<td>60 x 130 x 80<\/td>\n<td>600<\/td>\n<td>12<\/td>\n<td>40<\/td>\n<\/tr>\n<\/tbody>\n<\/table>\n<p>*Zunanje\u00a0dim. (cm) W x L x H<\/p>\n","protected":false},"excerpt":{"rendered":"<p>Volume *Zunanja dim. (cm)\u00a0 Max. temp. 0C kW Volt 630 L 60 x 130 x 80 600 12 40 *Zunanje\u00a0dim. (cm) W x L x H<\/p>\n","protected":false},"featured_media":372,"template":"","meta":[],"product_cat":[39],"product_tag":[],"yoast_head":"<!-- This site is optimized with the Yoast SEO plugin v19.9 - https:\/\/yoast.com\/wordpress\/plugins\/seo\/ -->\n<title>Elektri\u010dna pe\u010d za napu\u0161\u010danje kovin - Pika kilns d.o.o.<\/title>\n<meta name=\"robots\" content=\"index, follow, max-snippet:-1, max-image-preview:large, max-video-preview:-1\" \/>\n<link rel=\"canonical\" href=\"https:\/\/pika-kilns.com\/sl\/izdelek\/elektricna-pec-za-napuscanje-kovin\/\" \/>\n<meta property=\"og:locale\" content=\"sl_SI\" \/>\n<meta property=\"og:type\" content=\"article\" \/>\n<meta property=\"og:title\" content=\"Elektri\u010dna pe\u010d za napu\u0161\u010danje kovin - Pika kilns d.o.o.\" \/>\n<meta property=\"og:description\" content=\"Volume *Zunanja dim. (cm)\u00a0 Max. temp. 0C kW Volt 630 L 60 x 130 x 80 600 12 40 *Zunanje\u00a0dim. (cm) W x L x H\" \/>\n<meta property=\"og:url\" content=\"https:\/\/pika-kilns.com\/sl\/izdelek\/elektricna-pec-za-napuscanje-kovin\/\" \/>\n<meta property=\"og:site_name\" content=\"Pika kilns d.o.o.\" \/>\n<meta property=\"og:image\" content=\"https:\/\/pika-kilns.com\/wp-content\/uploads\/2019\/11\/0de5d478-ad0a-4fdc-a9bf-d97d9127edf3.jpg\" \/>\n\t<meta property=\"og:image:width\" content=\"400\" \/>\n\t<meta property=\"og:image:height\" content=\"400\" \/>\n\t<meta property=\"og:image:type\" content=\"image\/jpeg\" \/>\n<meta name=\"twitter:card\" content=\"summary_large_image\" \/>\n<script type=\"application\/ld+json\" class=\"yoast-schema-graph\">{\"@context\":\"https:\/\/schema.org\",\"@graph\":[{\"@type\":\"WebPage\",\"@id\":\"https:\/\/pika-kilns.com\/sl\/izdelek\/elektricna-pec-za-napuscanje-kovin\/\",\"url\":\"https:\/\/pika-kilns.com\/sl\/izdelek\/elektricna-pec-za-napuscanje-kovin\/\",\"name\":\"Elektri\u010dna pe\u010d za napu\u0161\u010danje kovin - Pika kilns d.o.o.\",\"isPartOf\":{\"@id\":\"https:\/\/pika-kilns.com\/sl\/#website\"},\"datePublished\":\"2019-11-20T09:19:06+00:00\",\"dateModified\":\"2019-11-20T09:19:06+00:00\",\"breadcrumb\":{\"@id\":\"https:\/\/pika-kilns.com\/sl\/izdelek\/elektricna-pec-za-napuscanje-kovin\/#breadcrumb\"},\"inLanguage\":\"sl-SI\",\"potentialAction\":[{\"@type\":\"ReadAction\",\"target\":[\"https:\/\/pika-kilns.com\/sl\/izdelek\/elektricna-pec-za-napuscanje-kovin\/\"]}]},{\"@type\":\"BreadcrumbList\",\"@id\":\"https:\/\/pika-kilns.com\/sl\/izdelek\/elektricna-pec-za-napuscanje-kovin\/#breadcrumb\",\"itemListElement\":[{\"@type\":\"ListItem\",\"position\":1,\"name\":\"Domov\",\"item\":\"https:\/\/pika-kilns.com\/sl\/\"},{\"@type\":\"ListItem\",\"position\":2,\"name\":\"Shop\",\"item\":\"https:\/\/pika-kilns.com\/shop\/\"},{\"@type\":\"ListItem\",\"position\":3,\"name\":\"Elektri\u010dna pe\u010d za napu\u0161\u010danje kovin\"}]},{\"@type\":\"WebSite\",\"@id\":\"https:\/\/pika-kilns.com\/sl\/#website\",\"url\":\"https:\/\/pika-kilns.com\/sl\/\",\"name\":\"Pika kilns d.o.o.\",\"description\":\"Production of electric kilns for glass and ceramic\",\"potentialAction\":[{\"@type\":\"SearchAction\",\"target\":{\"@type\":\"EntryPoint\",\"urlTemplate\":\"https:\/\/pika-kilns.com\/sl\/?s={search_term_string}\"},\"query-input\":\"required name=search_term_string\"}],\"inLanguage\":\"sl-SI\"}]}<\/script>\n<!-- \/ Yoast SEO plugin. -->","yoast_head_json":{"title":"Elektri\u010dna pe\u010d za napu\u0161\u010danje kovin - Pika kilns d.o.o.","robots":{"index":"index","follow":"follow","max-snippet":"max-snippet:-1","max-image-preview":"max-image-preview:large","max-video-preview":"max-video-preview:-1"},"canonical":"https:\/\/pika-kilns.com\/sl\/izdelek\/elektricna-pec-za-napuscanje-kovin\/","og_locale":"sl_SI","og_type":"article","og_title":"Elektri\u010dna pe\u010d za napu\u0161\u010danje kovin - Pika kilns d.o.o.","og_description":"Volume *Zunanja dim. (cm)\u00a0 Max. temp. 0C kW Volt 630 L 60 x 130 x 80 600 12 40 *Zunanje\u00a0dim. (cm) W x L x H","og_url":"https:\/\/pika-kilns.com\/sl\/izdelek\/elektricna-pec-za-napuscanje-kovin\/","og_site_name":"Pika kilns d.o.o.","og_image":[{"width":400,"height":400,"url":"https:\/\/pika-kilns.com\/wp-content\/uploads\/2019\/11\/0de5d478-ad0a-4fdc-a9bf-d97d9127edf3.jpg","type":"image\/jpeg"}],"twitter_card":"summary_large_image","schema":{"@context":"https:\/\/schema.org","@graph":[{"@type":"WebPage","@id":"https:\/\/pika-kilns.com\/sl\/izdelek\/elektricna-pec-za-napuscanje-kovin\/","url":"https:\/\/pika-kilns.com\/sl\/izdelek\/elektricna-pec-za-napuscanje-kovin\/","name":"Elektri\u010dna pe\u010d za napu\u0161\u010danje kovin - Pika kilns d.o.o.","isPartOf":{"@id":"https:\/\/pika-kilns.com\/sl\/#website"},"datePublished":"2019-11-20T09:19:06+00:00","dateModified":"2019-11-20T09:19:06+00:00","breadcrumb":{"@id":"https:\/\/pika-kilns.com\/sl\/izdelek\/elektricna-pec-za-napuscanje-kovin\/#breadcrumb"},"inLanguage":"sl-SI","potentialAction":[{"@type":"ReadAction","target":["https:\/\/pika-kilns.com\/sl\/izdelek\/elektricna-pec-za-napuscanje-kovin\/"]}]},{"@type":"BreadcrumbList","@id":"https:\/\/pika-kilns.com\/sl\/izdelek\/elektricna-pec-za-napuscanje-kovin\/#breadcrumb","itemListElement":[{"@type":"ListItem","position":1,"name":"Domov","item":"https:\/\/pika-kilns.com\/sl\/"},{"@type":"ListItem","position":2,"name":"Shop","item":"https:\/\/pika-kilns.com\/shop\/"},{"@type":"ListItem","position":3,"name":"Elektri\u010dna pe\u010d za napu\u0161\u010danje kovin"}]},{"@type":"WebSite","@id":"https:\/\/pika-kilns.com\/sl\/#website","url":"https:\/\/pika-kilns.com\/sl\/","name":"Pika kilns d.o.o.","description":"Production of electric kilns for glass and ceramic","potentialAction":[{"@type":"SearchAction","target":{"@type":"EntryPoint","urlTemplate":"https:\/\/pika-kilns.com\/sl\/?s={search_term_string}"},"query-input":"required name=search_term_string"}],"inLanguage":"sl-SI"}]}},"_links":{"self":[{"href":"https:\/\/pika-kilns.com\/sl\/wp-json\/wp\/v2\/product\/370"}],"collection":[{"href":"https:\/\/pika-kilns.com\/sl\/wp-json\/wp\/v2\/product"}],"about":[{"href":"https:\/\/pika-kilns.com\/sl\/wp-json\/wp\/v2\/types\/product"}],"wp:featuredmedia":[{"embeddable":true,"href":"https:\/\/pika-kilns.com\/sl\/wp-json\/wp\/v2\/media\/372"}],"wp:attachment":[{"href":"https:\/\/pika-kilns.com\/sl\/wp-json\/wp\/v2\/media?parent=370"}],"wp:term":[{"taxonomy":"product_cat","embeddable":true,"href":"https:\/\/pika-kilns.com\/sl\/wp-json\/wp\/v2\/product_cat?post=370"},{"taxonomy":"product_tag","embeddable":true,"href":"https:\/\/pika-kilns.com\/sl\/wp-json\/wp\/v2\/product_tag?post=370"}],"curies":[{"name":"wp","href":"https:\/\/api.w.org\/{rel}","templated":true}]}}