{"id":337,"date":"2019-11-20T10:37:45","date_gmt":"2020-03-01T09:02:56","guid":{"rendered":"http:\/\/pika-kilns.com\/?post_type=product&#038;p=337"},"modified":"2020-03-01T10:05:47","modified_gmt":"2020-03-01T09:05:47","slug":"peci-za-fuzijo-stekla","status":"publish","type":"product","link":"https:\/\/pika-kilns.com\/sl\/izdelek\/peci-za-fuzijo-stekla\/","title":{"rendered":"Pe\u010di za fuzijo stekla"},"content":{"rendered":"<p>Peci GL V in GL VI imajo elektri\u010dni dvig vrat.<\/p>\n<p>Pe\u010di imajo ohi\u0161je iz nerjave\u010de plo\u010devine in izolacijo kombinirano iz kerami\u010dne volne in izolacijske opeke.<br \/>\nVse pe\u010di imajo mikroprocesorsko regulacijo, ki omogo\u010da natancno vodenje krivulje \u017eganja in zelo enostavno uporabo.<br \/>\nGarancija: 3 leta.<\/p>\n<table border=\"0\" cellspacing=\"1\" cellpadding=\"1\">\n<tbody>\n<tr>\n<td>\n<h3><strong>Volume<\/strong><\/h3>\n<\/td>\n<td>\n<h3><strong>*Notranja dim. (cm)\u00a0<\/strong><\/h3>\n<\/td>\n<td>\n<h3><strong>*Zunanja dim. (cm)<\/strong><\/h3>\n<\/td>\n<td>\n<h3><strong>Max. temp. \u00b0C<\/strong><\/h3>\n<\/td>\n<td>\n<h3><strong>kW<\/strong><\/h3>\n<\/td>\n<td>\n<h3><strong>Volt<\/strong><\/h3>\n<\/td>\n<\/tr>\n<tr>\n<td>PIKA GL I<\/td>\n<td>34 x 34 x 17<\/td>\n<td>66 x 53 x 37<\/td>\n<td>950<\/td>\n<td>2<\/td>\n<td>230<\/td>\n<\/tr>\n<tr>\n<td>PIKA GL II<\/td>\n<td>50 x 50 x 30<\/td>\n<td>80 x 68 x 57<\/td>\n<td>950<\/td>\n<td>3,3<\/td>\n<td>230<\/td>\n<\/tr>\n<tr>\n<td>PIKA GL III<\/td>\n<td>100 x 50 x 40<\/td>\n<td>130 x 68 x 57<\/td>\n<td>950<\/td>\n<td>9<\/td>\n<td>400<\/td>\n<\/tr>\n<tr>\n<td>PIKA GL III\/1<\/td>\n<td>120x 80 x 40<\/td>\n<td>167 x 123 x 157<\/td>\n<td>950<\/td>\n<td>9-12<\/td>\n<td>400<\/td>\n<\/tr>\n<tr>\n<td>PIKA GL IV<\/td>\n<td>160 x 100 x 40<\/td>\n<td>195 x 120 x 75<\/td>\n<td>950<\/td>\n<td>15<\/td>\n<td>400<\/td>\n<\/tr>\n<tr>\n<td>PIKA GL V<\/td>\n<td>203 x 103 x 40<\/td>\n<td>265 x 145 x 92<\/td>\n<td>950<\/td>\n<td>18<\/td>\n<td>400<\/td>\n<\/tr>\n<tr>\n<td>PIKA GL IV<\/td>\n<td>215 x 115 x 50(27+23)<\/td>\n<td>277 x 160 x 92<\/td>\n<td>950<\/td>\n<td>18-21<\/td>\n<td>400<\/td>\n<\/tr>\n<\/tbody>\n<\/table>\n<p>*Notranja dim. (cm) W x L x H<br \/>\n*Zunanja\u00a0dim. (cm) W x L x H<\/p>\n","protected":false},"excerpt":{"rendered":"<p>Peci GL V in GL VI imajo elektri\u010dni dvig vrat. Pe\u010di imajo ohi\u0161je iz nerjave\u010de plo\u010devine in izolacijo kombinirano iz kerami\u010dne volne in izolacijske opeke. Vse pe\u010di imajo mikroprocesorsko regulacijo, ki omogo\u010da natancno vodenje krivulje \u017eganja in zelo enostavno uporabo. Garancija: 3 leta. Volume *Notranja dim. (cm)\u00a0 *Zunanja dim. (cm) Max. temp. \u00b0C kW Volt&hellip;<\/p>\n","protected":false},"featured_media":534,"template":"","meta":[],"product_cat":[37],"product_tag":[],"yoast_head":"<!-- This site is optimized with the Yoast SEO plugin v19.9 - https:\/\/yoast.com\/wordpress\/plugins\/seo\/ -->\n<title>Pe\u010di za fuzijo stekla - Pika kilns d.o.o.<\/title>\n<meta name=\"robots\" content=\"index, follow, max-snippet:-1, max-image-preview:large, max-video-preview:-1\" \/>\n<link rel=\"canonical\" href=\"https:\/\/pika-kilns.com\/sl\/izdelek\/peci-za-fuzijo-stekla\/\" \/>\n<meta property=\"og:locale\" content=\"sl_SI\" \/>\n<meta property=\"og:type\" content=\"article\" \/>\n<meta property=\"og:title\" content=\"Pe\u010di za fuzijo stekla - Pika kilns d.o.o.\" \/>\n<meta property=\"og:description\" content=\"Peci GL V in GL VI imajo elektri\u010dni dvig vrat. Pe\u010di imajo ohi\u0161je iz nerjave\u010de plo\u010devine in izolacijo kombinirano iz kerami\u010dne volne in izolacijske opeke. Vse pe\u010di imajo mikroprocesorsko regulacijo, ki omogo\u010da natancno vodenje krivulje \u017eganja in zelo enostavno uporabo. Garancija: 3 leta. Volume *Notranja dim. (cm)\u00a0 *Zunanja dim. (cm) Max. temp. \u00b0C kW Volt&hellip;\" \/>\n<meta property=\"og:url\" content=\"https:\/\/pika-kilns.com\/sl\/izdelek\/peci-za-fuzijo-stekla\/\" \/>\n<meta property=\"og:site_name\" content=\"Pika kilns d.o.o.\" \/>\n<meta property=\"article:modified_time\" content=\"2020-03-01T09:05:47+00:00\" \/>\n<meta property=\"og:image\" content=\"https:\/\/pika-kilns.com\/wp-content\/uploads\/2019\/11\/STEKLO_pikakilns1.jpg\" \/>\n\t<meta property=\"og:image:width\" content=\"600\" \/>\n\t<meta property=\"og:image:height\" content=\"555\" \/>\n\t<meta property=\"og:image:type\" content=\"image\/jpeg\" \/>\n<meta name=\"twitter:card\" content=\"summary_large_image\" \/>\n<meta name=\"twitter:label1\" content=\"Est. reading time\" \/>\n\t<meta name=\"twitter:data1\" content=\"1 minuta\" \/>\n<script type=\"application\/ld+json\" class=\"yoast-schema-graph\">{\"@context\":\"https:\/\/schema.org\",\"@graph\":[{\"@type\":\"WebPage\",\"@id\":\"https:\/\/pika-kilns.com\/sl\/izdelek\/peci-za-fuzijo-stekla\/\",\"url\":\"https:\/\/pika-kilns.com\/sl\/izdelek\/peci-za-fuzijo-stekla\/\",\"name\":\"Pe\u010di za fuzijo stekla - Pika kilns d.o.o.\",\"isPartOf\":{\"@id\":\"https:\/\/pika-kilns.com\/sl\/#website\"},\"datePublished\":\"2020-03-01T09:02:56+00:00\",\"dateModified\":\"2020-03-01T09:05:47+00:00\",\"breadcrumb\":{\"@id\":\"https:\/\/pika-kilns.com\/sl\/izdelek\/peci-za-fuzijo-stekla\/#breadcrumb\"},\"inLanguage\":\"sl-SI\",\"potentialAction\":[{\"@type\":\"ReadAction\",\"target\":[\"https:\/\/pika-kilns.com\/sl\/izdelek\/peci-za-fuzijo-stekla\/\"]}]},{\"@type\":\"BreadcrumbList\",\"@id\":\"https:\/\/pika-kilns.com\/sl\/izdelek\/peci-za-fuzijo-stekla\/#breadcrumb\",\"itemListElement\":[{\"@type\":\"ListItem\",\"position\":1,\"name\":\"Domov\",\"item\":\"https:\/\/pika-kilns.com\/sl\/\"},{\"@type\":\"ListItem\",\"position\":2,\"name\":\"Shop\",\"item\":\"https:\/\/pika-kilns.com\/shop\/\"},{\"@type\":\"ListItem\",\"position\":3,\"name\":\"Pe\u010di za fuzijo stekla\"}]},{\"@type\":\"WebSite\",\"@id\":\"https:\/\/pika-kilns.com\/sl\/#website\",\"url\":\"https:\/\/pika-kilns.com\/sl\/\",\"name\":\"Pika kilns d.o.o.\",\"description\":\"Production of electric kilns for glass and ceramic\",\"potentialAction\":[{\"@type\":\"SearchAction\",\"target\":{\"@type\":\"EntryPoint\",\"urlTemplate\":\"https:\/\/pika-kilns.com\/sl\/?s={search_term_string}\"},\"query-input\":\"required name=search_term_string\"}],\"inLanguage\":\"sl-SI\"}]}<\/script>\n<!-- \/ Yoast SEO plugin. -->","yoast_head_json":{"title":"Pe\u010di za fuzijo stekla - Pika kilns d.o.o.","robots":{"index":"index","follow":"follow","max-snippet":"max-snippet:-1","max-image-preview":"max-image-preview:large","max-video-preview":"max-video-preview:-1"},"canonical":"https:\/\/pika-kilns.com\/sl\/izdelek\/peci-za-fuzijo-stekla\/","og_locale":"sl_SI","og_type":"article","og_title":"Pe\u010di za fuzijo stekla - Pika kilns d.o.o.","og_description":"Peci GL V in GL VI imajo elektri\u010dni dvig vrat. Pe\u010di imajo ohi\u0161je iz nerjave\u010de plo\u010devine in izolacijo kombinirano iz kerami\u010dne volne in izolacijske opeke. Vse pe\u010di imajo mikroprocesorsko regulacijo, ki omogo\u010da natancno vodenje krivulje \u017eganja in zelo enostavno uporabo. Garancija: 3 leta. Volume *Notranja dim. (cm)\u00a0 *Zunanja dim. (cm) Max. temp. \u00b0C kW Volt&hellip;","og_url":"https:\/\/pika-kilns.com\/sl\/izdelek\/peci-za-fuzijo-stekla\/","og_site_name":"Pika kilns d.o.o.","article_modified_time":"2020-03-01T09:05:47+00:00","og_image":[{"width":600,"height":555,"url":"https:\/\/pika-kilns.com\/wp-content\/uploads\/2019\/11\/STEKLO_pikakilns1.jpg","type":"image\/jpeg"}],"twitter_card":"summary_large_image","twitter_misc":{"Est. reading time":"1 minuta"},"schema":{"@context":"https:\/\/schema.org","@graph":[{"@type":"WebPage","@id":"https:\/\/pika-kilns.com\/sl\/izdelek\/peci-za-fuzijo-stekla\/","url":"https:\/\/pika-kilns.com\/sl\/izdelek\/peci-za-fuzijo-stekla\/","name":"Pe\u010di za fuzijo stekla - Pika kilns d.o.o.","isPartOf":{"@id":"https:\/\/pika-kilns.com\/sl\/#website"},"datePublished":"2020-03-01T09:02:56+00:00","dateModified":"2020-03-01T09:05:47+00:00","breadcrumb":{"@id":"https:\/\/pika-kilns.com\/sl\/izdelek\/peci-za-fuzijo-stekla\/#breadcrumb"},"inLanguage":"sl-SI","potentialAction":[{"@type":"ReadAction","target":["https:\/\/pika-kilns.com\/sl\/izdelek\/peci-za-fuzijo-stekla\/"]}]},{"@type":"BreadcrumbList","@id":"https:\/\/pika-kilns.com\/sl\/izdelek\/peci-za-fuzijo-stekla\/#breadcrumb","itemListElement":[{"@type":"ListItem","position":1,"name":"Domov","item":"https:\/\/pika-kilns.com\/sl\/"},{"@type":"ListItem","position":2,"name":"Shop","item":"https:\/\/pika-kilns.com\/shop\/"},{"@type":"ListItem","position":3,"name":"Pe\u010di za fuzijo stekla"}]},{"@type":"WebSite","@id":"https:\/\/pika-kilns.com\/sl\/#website","url":"https:\/\/pika-kilns.com\/sl\/","name":"Pika kilns d.o.o.","description":"Production of electric kilns for glass and ceramic","potentialAction":[{"@type":"SearchAction","target":{"@type":"EntryPoint","urlTemplate":"https:\/\/pika-kilns.com\/sl\/?s={search_term_string}"},"query-input":"required name=search_term_string"}],"inLanguage":"sl-SI"}]}},"_links":{"self":[{"href":"https:\/\/pika-kilns.com\/sl\/wp-json\/wp\/v2\/product\/337"}],"collection":[{"href":"https:\/\/pika-kilns.com\/sl\/wp-json\/wp\/v2\/product"}],"about":[{"href":"https:\/\/pika-kilns.com\/sl\/wp-json\/wp\/v2\/types\/product"}],"wp:featuredmedia":[{"embeddable":true,"href":"https:\/\/pika-kilns.com\/sl\/wp-json\/wp\/v2\/media\/534"}],"wp:attachment":[{"href":"https:\/\/pika-kilns.com\/sl\/wp-json\/wp\/v2\/media?parent=337"}],"wp:term":[{"taxonomy":"product_cat","embeddable":true,"href":"https:\/\/pika-kilns.com\/sl\/wp-json\/wp\/v2\/product_cat?post=337"},{"taxonomy":"product_tag","embeddable":true,"href":"https:\/\/pika-kilns.com\/sl\/wp-json\/wp\/v2\/product_tag?post=337"}],"curies":[{"name":"wp","href":"https:\/\/api.w.org\/{rel}","templated":true}]}}