{"id":286,"date":"2020-01-14T18:27:48","date_gmt":"2020-01-14T17:27:48","guid":{"rendered":"http:\/\/pika-kilns.com\/peci\/"},"modified":"2020-03-25T16:57:44","modified_gmt":"2020-03-25T15:57:44","slug":"peci","status":"publish","type":"page","link":"https:\/\/pika-kilns.com\/sl\/peci\/","title":{"rendered":"Pe\u010di"},"content":{"rendered":"\n\t\t<h2>\n\t\t\tPe\u010di\n\t\t<\/h2>\n\t\t\t\t<a href=\"http:\/\/pika-kilns.com\/sl\/kategorija-izdelka\/peci-za-steklo\/\" target=\"_self\" itemprop=\"url\" rel=\"noopener noreferrer\">\n\t\t\t\t<img src=\"https:\/\/pika-kilns.com\/wp-content\/uploads\/2020\/03\/S70-old-open.jpg\" alt=\"S70 old open\" itemprop=\"image\" height=\"1437\" width=\"1123\" title=\"S70 old open\" onerror=\"this.style.display='none'\"  \/>\n\t\t\t\t<\/a>\n\t<h3><a href=\"http:\/\/pika-kilns.com\/sl\/kategorija-izdelka\/peci-za-steklo\/\"><strong>Pe\u010di za steklo<\/strong><\/a><\/h3>\n\t\t\t\t<a href=\"http:\/\/pika-kilns.com\/sl\/kategorija-izdelka\/peci-za-keramiko\/\" target=\"_self\" itemprop=\"url\" rel=\"noopener noreferrer\">\n\t\t\t\t<img src=\"https:\/\/pika-kilns.com\/wp-content\/uploads\/2019\/11\/c7ade964-3f81-4411-9d47-bf75c8c063c8.jpg\" alt=\"c7ade964-3f81-4411-9d47-bf75c8c063c8\" itemprop=\"image\" height=\"709\" width=\"924\" title=\"c7ade964-3f81-4411-9d47-bf75c8c063c8\" onerror=\"this.style.display='none'\"  \/>\n\t\t\t\t<\/a>\n\t<h3><a href=\"http:\/\/pika-kilns.com\/sl\/kategorija-izdelka\/peci-za-keramiko\/\"><strong>Pe\u010di za keramiko<\/strong><\/a><\/h3>\n\t\t\t\t<a href=\"http:\/\/pika-kilns.com\/sl\/kategorija-izdelka\/peci-za-kovino\/\" target=\"_self\" itemprop=\"url\" rel=\"noopener noreferrer\">\n\t\t\t\t<img src=\"https:\/\/pika-kilns.com\/wp-content\/uploads\/2019\/11\/2e4ef92d-365b-40b7-b019-09e917e13455.jpg\" alt=\"2e4ef92d-365b-40b7-b019-09e917e13455\" itemprop=\"image\" height=\"216\" width=\"300\" title=\"2e4ef92d-365b-40b7-b019-09e917e13455\" onerror=\"this.style.display='none'\"  \/>\n\t\t\t\t<\/a>\n\t<h3><a href=\"http:\/\/pika-kilns.com\/sl\/kategorija-izdelka\/peci-za-kovino\/\"><strong>Pe\u010di za kovino<\/strong><\/a><\/h3>\n\t\t\t\t<a href=\"http:\/\/pika-kilns.com\/sl\/kategorija-izdelka\/ostale-peci\/\" target=\"_self\" itemprop=\"url\" rel=\"noopener noreferrer\">\n\t\t\t\t<img src=\"https:\/\/pika-kilns.com\/wp-content\/uploads\/2019\/11\/2635a3d5-b6ab-41eb-b46c-b5aafde58405.jpg\" alt=\"2635a3d5-b6ab-41eb-b46c-b5aafde58405\" itemprop=\"image\" height=\"216\" width=\"300\" title=\"2635a3d5-b6ab-41eb-b46c-b5aafde58405\" onerror=\"this.style.display='none'\"  \/>\n\t\t\t\t<\/a>\n\t<h3><a href=\"http:\/\/pika-kilns.com\/sl\/kategorija-izdelka\/ostale-peci\/\"><strong>Ostale pe\u010di<\/strong><\/a><\/h3>\n\t<h3><strong>I\u0161\u010dete pe\u010d za dopolnitev va\u0161ega proizvodnega obrata? Ali pa morda potrebujete pe\u010d za doma\u010do uporabo, s katero bi realizirali ideje, ki so do sedaj obstajale samo na listu papirja?<\/strong><\/h3>\n<p>V asortimaju imamo ve\u010d kot 30 standardnih pe\u010di. Poleg tega lahko po va\u0161ih \u017eeljah in \u017eelenih dimenzijah izdelamo katerokoli pe\u010d, pri \u010demer poskrbimo za kvalitetno izdelavo, konkuren\u010dne dobavne roke, garantirano kakovost in dostavo do vrat kupca.<\/p>\n<p>Izdelava pe\u010di je odvisna od individualnih \u017eelja vsakega naro\u010dnika. Manj\u0161e pe\u010di lahko izdelamo \u017ee v nekaj dneh, izdelava ve\u010djih pe\u010di pa lahko traja tudi ve\u010d mesecev.<\/p>\n<p>Za vse dodatne informacije smo vam na voljo preko\u00a0<a href=\"http:\/\/pika-kilns.com\/sl\/kontakt\/\" target=\"_self\" rel=\"noopener noreferrer\">kontaktnega obrazca.<\/a><\/p>\n\t\t<h3>\n\t\t\tPovpra\u0161evanje\n\t\t<\/h3>\n\t\t\tVabimo vas, da nam zaupate svoje \u017eelje. S svojimi nasveti in dolgoletnimi izku\u0161njami bomo z veseljem pomagali vsem, ki bi pri svojem delu potrebovali zmogljivo in kakovostno pe\u010d.\t\t\n\t<a href=\"http:\/\/pika-kilns.com\/sl\/kontakt\/\" target=\"_self\" class=\"pp-button\" role=\"button\" rel=\"noopener noreferrer\">\n\t\t\t\tKONTAKT\n\t\t\t<\/a>\n","protected":false},"excerpt":{"rendered":"<p>Pe\u010di Pe\u010di za steklo Pe\u010di za keramiko Pe\u010di za kovino Ostale pe\u010di I\u0161\u010dete pe\u010d za dopolnitev va\u0161ega proizvodnega obrata? Ali pa morda potrebujete pe\u010d za doma\u010do uporabo, s katero bi realizirali ideje, ki so do sedaj obstajale samo na listu papirja? V asortimaju imamo ve\u010d kot 30 standardnih pe\u010di. Poleg tega lahko po va\u0161ih \u017eeljah&hellip;<\/p>\n","protected":false},"author":1,"featured_media":0,"parent":0,"menu_order":0,"comment_status":"closed","ping_status":"closed","template":"","meta":[],"yoast_head":"<!-- This site is optimized with the Yoast SEO plugin v19.9 - https:\/\/yoast.com\/wordpress\/plugins\/seo\/ -->\n<title>Pe\u010di - Pika kilns d.o.o.<\/title>\n<meta name=\"robots\" content=\"index, follow, max-snippet:-1, max-image-preview:large, max-video-preview:-1\" \/>\n<link rel=\"canonical\" href=\"https:\/\/pika-kilns.com\/sl\/peci\/\" \/>\n<meta property=\"og:locale\" content=\"sl_SI\" \/>\n<meta property=\"og:type\" content=\"article\" \/>\n<meta property=\"og:title\" content=\"Pe\u010di - Pika kilns d.o.o.\" \/>\n<meta property=\"og:description\" content=\"Pe\u010di Pe\u010di za steklo Pe\u010di za keramiko Pe\u010di za kovino Ostale pe\u010di I\u0161\u010dete pe\u010d za dopolnitev va\u0161ega proizvodnega obrata? Ali pa morda potrebujete pe\u010d za doma\u010do uporabo, s katero bi realizirali ideje, ki so do sedaj obstajale samo na listu papirja? V asortimaju imamo ve\u010d kot 30 standardnih pe\u010di. Poleg tega lahko po va\u0161ih \u017eeljah&hellip;\" \/>\n<meta property=\"og:url\" content=\"https:\/\/pika-kilns.com\/sl\/peci\/\" \/>\n<meta property=\"og:site_name\" content=\"Pika kilns d.o.o.\" \/>\n<meta property=\"article:modified_time\" content=\"2020-03-25T15:57:44+00:00\" \/>\n<meta property=\"og:image\" content=\"https:\/\/pika-kilns.com\/wp-content\/uploads\/2020\/03\/S70-old-open.jpg\" \/>\n<meta name=\"twitter:card\" content=\"summary_large_image\" \/>\n<meta name=\"twitter:label1\" content=\"Est. reading time\" \/>\n\t<meta name=\"twitter:data1\" content=\"1 minuta\" \/>\n<script type=\"application\/ld+json\" class=\"yoast-schema-graph\">{\"@context\":\"https:\/\/schema.org\",\"@graph\":[{\"@type\":\"WebPage\",\"@id\":\"https:\/\/pika-kilns.com\/sl\/peci\/\",\"url\":\"https:\/\/pika-kilns.com\/sl\/peci\/\",\"name\":\"Pe\u010di - Pika kilns d.o.o.\",\"isPartOf\":{\"@id\":\"https:\/\/pika-kilns.com\/sl\/#website\"},\"datePublished\":\"2020-01-14T17:27:48+00:00\",\"dateModified\":\"2020-03-25T15:57:44+00:00\",\"breadcrumb\":{\"@id\":\"https:\/\/pika-kilns.com\/sl\/peci\/#breadcrumb\"},\"inLanguage\":\"sl-SI\",\"potentialAction\":[{\"@type\":\"ReadAction\",\"target\":[\"https:\/\/pika-kilns.com\/sl\/peci\/\"]}]},{\"@type\":\"BreadcrumbList\",\"@id\":\"https:\/\/pika-kilns.com\/sl\/peci\/#breadcrumb\",\"itemListElement\":[{\"@type\":\"ListItem\",\"position\":1,\"name\":\"Domov\",\"item\":\"https:\/\/pika-kilns.com\/sl\/\"},{\"@type\":\"ListItem\",\"position\":2,\"name\":\"Pe\u010di\"}]},{\"@type\":\"WebSite\",\"@id\":\"https:\/\/pika-kilns.com\/sl\/#website\",\"url\":\"https:\/\/pika-kilns.com\/sl\/\",\"name\":\"Pika kilns d.o.o.\",\"description\":\"Production of electric kilns for glass and ceramic\",\"potentialAction\":[{\"@type\":\"SearchAction\",\"target\":{\"@type\":\"EntryPoint\",\"urlTemplate\":\"https:\/\/pika-kilns.com\/sl\/?s={search_term_string}\"},\"query-input\":\"required name=search_term_string\"}],\"inLanguage\":\"sl-SI\"}]}<\/script>\n<!-- \/ Yoast SEO plugin. -->","yoast_head_json":{"title":"Pe\u010di - Pika kilns d.o.o.","robots":{"index":"index","follow":"follow","max-snippet":"max-snippet:-1","max-image-preview":"max-image-preview:large","max-video-preview":"max-video-preview:-1"},"canonical":"https:\/\/pika-kilns.com\/sl\/peci\/","og_locale":"sl_SI","og_type":"article","og_title":"Pe\u010di - Pika kilns d.o.o.","og_description":"Pe\u010di Pe\u010di za steklo Pe\u010di za keramiko Pe\u010di za kovino Ostale pe\u010di I\u0161\u010dete pe\u010d za dopolnitev va\u0161ega proizvodnega obrata? Ali pa morda potrebujete pe\u010d za doma\u010do uporabo, s katero bi realizirali ideje, ki so do sedaj obstajale samo na listu papirja? V asortimaju imamo ve\u010d kot 30 standardnih pe\u010di. Poleg tega lahko po va\u0161ih \u017eeljah&hellip;","og_url":"https:\/\/pika-kilns.com\/sl\/peci\/","og_site_name":"Pika kilns d.o.o.","article_modified_time":"2020-03-25T15:57:44+00:00","og_image":[{"url":"https:\/\/pika-kilns.com\/wp-content\/uploads\/2020\/03\/S70-old-open.jpg"}],"twitter_card":"summary_large_image","twitter_misc":{"Est. reading time":"1 minuta"},"schema":{"@context":"https:\/\/schema.org","@graph":[{"@type":"WebPage","@id":"https:\/\/pika-kilns.com\/sl\/peci\/","url":"https:\/\/pika-kilns.com\/sl\/peci\/","name":"Pe\u010di - Pika kilns d.o.o.","isPartOf":{"@id":"https:\/\/pika-kilns.com\/sl\/#website"},"datePublished":"2020-01-14T17:27:48+00:00","dateModified":"2020-03-25T15:57:44+00:00","breadcrumb":{"@id":"https:\/\/pika-kilns.com\/sl\/peci\/#breadcrumb"},"inLanguage":"sl-SI","potentialAction":[{"@type":"ReadAction","target":["https:\/\/pika-kilns.com\/sl\/peci\/"]}]},{"@type":"BreadcrumbList","@id":"https:\/\/pika-kilns.com\/sl\/peci\/#breadcrumb","itemListElement":[{"@type":"ListItem","position":1,"name":"Domov","item":"https:\/\/pika-kilns.com\/sl\/"},{"@type":"ListItem","position":2,"name":"Pe\u010di"}]},{"@type":"WebSite","@id":"https:\/\/pika-kilns.com\/sl\/#website","url":"https:\/\/pika-kilns.com\/sl\/","name":"Pika kilns d.o.o.","description":"Production of electric kilns for glass and ceramic","potentialAction":[{"@type":"SearchAction","target":{"@type":"EntryPoint","urlTemplate":"https:\/\/pika-kilns.com\/sl\/?s={search_term_string}"},"query-input":"required name=search_term_string"}],"inLanguage":"sl-SI"}]}},"_links":{"self":[{"href":"https:\/\/pika-kilns.com\/sl\/wp-json\/wp\/v2\/pages\/286"}],"collection":[{"href":"https:\/\/pika-kilns.com\/sl\/wp-json\/wp\/v2\/pages"}],"about":[{"href":"https:\/\/pika-kilns.com\/sl\/wp-json\/wp\/v2\/types\/page"}],"author":[{"embeddable":true,"href":"https:\/\/pika-kilns.com\/sl\/wp-json\/wp\/v2\/users\/1"}],"replies":[{"embeddable":true,"href":"https:\/\/pika-kilns.com\/sl\/wp-json\/wp\/v2\/comments?post=286"}],"version-history":[{"count":10,"href":"https:\/\/pika-kilns.com\/sl\/wp-json\/wp\/v2\/pages\/286\/revisions"}],"predecessor-version":[{"id":544,"href":"https:\/\/pika-kilns.com\/sl\/wp-json\/wp\/v2\/pages\/286\/revisions\/544"}],"wp:attachment":[{"href":"https:\/\/pika-kilns.com\/sl\/wp-json\/wp\/v2\/media?parent=286"}],"curies":[{"name":"wp","href":"https:\/\/api.w.org\/{rel}","templated":true}]}}