{"id":254,"date":"2020-01-14T18:21:59","date_gmt":"2020-01-14T17:21:59","guid":{"rendered":"http:\/\/pika-kilns.com\/prenos\/"},"modified":"2020-03-16T13:06:39","modified_gmt":"2020-03-16T12:06:39","slug":"prenos","status":"publish","type":"page","link":"https:\/\/pika-kilns.com\/sl\/prenos\/","title":{"rendered":"Prenos"},"content":{"rendered":"\n\t\t<h2>\n\t\t\tPrenos\n\t\t<\/h2>\n\t\t<h3>\n\t\t\tPrenesite priro\u010dnike\n\t\t<\/h3>\n\t\t\t<strong>Tu najdete vse priro\u010dnike na\u0161ih izdelkov.<\/strong>\t\t\n\t\t\t<ul> \t\t\t\t<li>\n\t\t\t\t\t\t\t\t\t\t\t\t\t\t\t\t<h3>Pe\u010di za keramiko<\/h3>\n\t\t\t\t\t\t\t\t<ul><li><a href=\"https:\/\/drive.google.com\/file\/d\/1cBLQ-1NFSO1_jJYQ7jtihWoUn0r8K2wK\/view?usp=sharing\" target=\"_blank\" rel=\"noopener noreferrer\">Model &#8211; TL okrogla 21 L<\/a><\/li><li><a href=\"https:\/\/drive.google.com\/file\/d\/1RYMiTBuECR-_eq2fa84NFNmEbMIZt-Uy\/view?usp=sharing\">Model &#8211; TL okrogla 21 LH<\/a><\/li><li><a href=\"https:\/\/drive.google.com\/file\/d\/1wLbcH3cTy0Py0EFpm_YDIKzbh5DWsLZQ\/view?usp=sharing\">Model &#8211; TL okrogla 52 L<\/a><\/li><li><a href=\"https:\/\/drive.google.com\/file\/d\/1QnkwpZ4sPY6FQsCUx-kFAynLRLOHQjts\/view?usp=sharing\">Model &#8211; TL okrogla 52 LH<\/a><\/li><li><a href=\"https:\/\/drive.google.com\/open?id=1Pri4OH-J_7b6mfKIHz2BTvQUoZm-iwcE\" target=\"_blank\" rel=\"noopener noreferrer\">Model &#8211; 56 LH<\/a><\/li><li><a href=\"https:\/\/drive.google.com\/file\/d\/1A0hTYHSqRM3OijONYMAL1j7t_rA7v7oW\/view?usp=sharing\">Model &#8211; TL okrogla 70 L<\/a><\/li><li><a href=\"https:\/\/drive.google.com\/file\/d\/1EQG5Jdrrv_zkl2P3J5pa-FCv6KgjLLzt\/view?usp=sharing\">Model &#8211; TL okrogla 70 LH<\/a><\/li><li><a href=\"https:\/\/drive.google.com\/open?id=1Al0TGQRsajUZSA7nrH39cSG3RIPA2mje\" target=\"_blank\" rel=\"noopener noreferrer\">Model &#8211; 85 L<\/a><\/li><li><a href=\"https:\/\/drive.google.com\/open?id=1qFCbp-vvt8AxmpCxWQpCLPy9lLYjACMu\" target=\"_blank\" rel=\"noopener noreferrer\">Model- 120 LH<\/a><\/li><li><a href=\"https:\/\/drive.google.com\/open?id=1Ghc1IQLuK2ikPd4CXCk443TOi05WfFCx\" target=\"_blank\" rel=\"noopener noreferrer\">Model &#8211; 210L<\/a><\/li><\/ul>\t\t\t\t\t\t\t\t\t\t\t\t\t\t\t\n\t\t\t\t\t\t\t<\/li> \t\t\t\t<li>\n\t\t\t\t\t\t\t\t\t\t\t\t\t\t\t\t<h3>Pe\u010di za taljenje stekla<\/h3>\n\t\t\t\t\t\t\t\t<ul><li><a href=\"https:\/\/drive.google.com\/open?id=1w57Va2dp3PB1ud6N_YFyx_LyoZCGZf20\" target=\"_blank\" rel=\"noopener noreferrer\">Model &#8211; S40<\/a><\/li><li>\u200b<a href=\"https:\/\/drive.google.com\/open?id=1E1AcfkvOh3kyM5KGnG6SKdRgFMe_HdpX\" target=\"_blank\" rel=\"noopener noreferrer\">Model &#8211; S70<\/a><\/li><\/ul>\t\t\t\t\t\t\t\t\t\t\t\t\t\t\t\n\t\t\t\t\t\t\t<\/li> \t\t<\/ul>\n\t\t\t<ul> \t\t\t\t<li>\n\t\t\t\t\t\t\t\t\t\t\t\t\t\t\t\t<h3>Pe\u010di za steklo<\/h3>\n\t\t\t\t\t\t\t\t<ul><li><a href=\"https:\/\/drive.google.com\/open?id=16NT-KqjlfMz3j1mW2zIM-GQoE-sWrG7s\" target=\"_blank\" rel=\"noopener noreferrer\">Model &#8211; GL I<\/a><\/li><li><a href=\"https:\/\/drive.google.com\/open?id=1lhJyEOcHnVc0UoiUK8qbfAxVoq6iktu4\" target=\"_blank\" rel=\"noopener noreferrer\">Model &#8211; GL II<\/a><\/li><li><a href=\"https:\/\/drive.google.com\/open?id=1QFsDl3fK-gOqIjX1HSTAP_O2osY6W21O\" target=\"_blank\" rel=\"noopener noreferrer\">Model &#8211; GL III<\/a><\/li><li><a href=\"https:\/\/drive.google.com\/open?id=1tdW-R8hjrX_mSUVMZ2_Qn4oadv0An701\" target=\"_blank\" rel=\"noopener noreferrer\">Model &#8211; GL III-1<\/a><\/li><li><a href=\"https:\/\/drive.google.com\/open?id=1vBByGzHF4VO9TxPfsQI6_1KSTqeGK7WH\" target=\"_blank\" rel=\"noopener noreferrer\">Model &#8211; GL IV<\/a><\/li><li><a href=\"https:\/\/drive.google.com\/open?id=1M8Ebqo8ypgD6Wi7ulCAzZgvm-GIGK-I8\" target=\"_blank\" rel=\"noopener noreferrer\">Model &#8211; GL VI<\/a><\/li><\/ul>\t\t\t\t\t\t\t\t\t\t\t\t\t\t\t\n\t\t\t\t\t\t\t<\/li> \t\t\t\t<li>\n\t\t\t\t\t\t\t\t\t\t\t\t\t\t\t\t<h3>Laboratorijske pe\u010di<\/h3>\n\t\t\t\t\t\t\t\t<ul><li><a href=\"https:\/\/drive.google.com\/open?id=1UIdhrMbmywNhq5sChuVOAt0Annq8D09w\" target=\"_blank\" rel=\"noopener noreferrer\">Model &#8211; 8L<\/a><\/li><li><a href=\"https:\/\/drive.google.com\/open?id=1bl72sNG-_710IJTpsn2czK9ImtSS52ib\" target=\"_blank\" rel=\"noopener noreferrer\">\u200bModel &#8211; 8LH<\/a><\/li><li><a href=\"https:\/\/drive.google.com\/open?id=1Cr4LX3FFSXR495ZjGkE-2vZV-ftpYGxv\" target=\"_blank\" rel=\"noopener noreferrer\">Model &#8211; 16L<\/a><\/li><li><a href=\"https:\/\/drive.google.com\/open?id=1XEHXpQb2Z5kRG9J6CqaYAMrm7yQbWs3I\" target=\"_blank\" rel=\"noopener noreferrer\">Model &#8211; 16LH<\/a><\/li><\/ul>\t\t\t\t\t\t\t\t\t\t\t\t\t\t\t\n\t\t\t\t\t\t\t<\/li> \t\t<\/ul>\n\t\t\t<ul> \t\t\t\t<li>\n\t\t\t\t\t\t\t\t\t\t\t\t\t\t\t\t<h3>Pe\u010di za nakit<\/h3>\n\t\t\t\t\t\t\t\t<p><a href=\"https:\/\/drive.google.com\/open?id=1vlBCiWDke6yRMPPjk73NYQ3fAa0MOowi\" target=\"_blank\" rel=\"noopener noreferrer\">Model &#8211; JW<\/a><\/p>\t\t\t\t\t\t\t\t\t\t\t\t\t\t\t\n\t\t\t\t\t\t\t<\/li> \t\t\t\t<li>\n\t\t\t\t\t\t\t\t\t\t\t\t\t\t\t\t<h3>Pe\u010di z luknjami<\/h3>\n\t\t\t\t\t\t\t\t<ul><li><a href=\"https:\/\/drive.google.com\/open?id=1CLtIr1e-Dp86274uY6IRps0dPYW0mkPl\" target=\"_blank\" rel=\"noopener noreferrer\">Model &#8211; GH300 Specifications<\/a><\/li><li><a href=\"https:\/\/drive.google.com\/open?id=1PKYHnIDENko90Ku8jide32QC6iSQOFNA\" target=\"_blank\" rel=\"noopener noreferrer\">Model &#8211; GH300 User manual<\/a><\/li><li>\u200b<a href=\"https:\/\/drive.google.com\/open?id=1ke4lormjd7QKqeSrxuLFofyJG-QtrBb8\" target=\"_blank\" rel=\"noopener noreferrer\">Model &#8211; GH300 Instructions for gas use<\/a><\/li><\/ul>\t\t\t\t\t\t\t\t\t\t\t\t\t\t\t\n\t\t\t\t\t\t\t<\/li> \t\t<\/ul>\n\t\t<h3>\n\t\t\tPovpra\u0161evanje\n\t\t<\/h3>\n\t\t\tVabimo vas, da nam zaupate svoje \u017eelje. S svojimi nasveti in dolgoletnimi izku\u0161njami bomo z veseljem pomagali vsem, ki bi pri svojem delu potrebovali zmogljivo in kakovostno pe\u010d.\t\t\n\t<a href=\"http:\/\/pika-kilns.com\/sl\/kontakt\/\" target=\"_self\" class=\"pp-button\" role=\"button\" rel=\"noopener noreferrer\">\n\t\t\t\tKONTAKT\n\t\t\t<\/a>\n","protected":false},"excerpt":{"rendered":"<p>Prenos Prenesite priro\u010dnike Tu najdete vse priro\u010dnike na\u0161ih izdelkov. Pe\u010di za keramiko Model &#8211; TL okrogla 21 L Model &#8211; TL okrogla 21 LH Model &#8211; TL okrogla 52 L Model &#8211; TL okrogla 52 LH Model &#8211; 56 LH Model &#8211; TL okrogla 70 L Model &#8211; TL okrogla 70 LH Model &#8211; 85&hellip;<\/p>\n","protected":false},"author":1,"featured_media":0,"parent":0,"menu_order":0,"comment_status":"closed","ping_status":"closed","template":"","meta":[],"yoast_head":"<!-- This site is optimized with the Yoast SEO plugin v19.9 - https:\/\/yoast.com\/wordpress\/plugins\/seo\/ -->\n<title>Prenos - Pika kilns d.o.o.<\/title>\n<meta name=\"robots\" content=\"index, follow, max-snippet:-1, max-image-preview:large, max-video-preview:-1\" \/>\n<link rel=\"canonical\" href=\"https:\/\/pika-kilns.com\/sl\/prenos\/\" \/>\n<meta property=\"og:locale\" content=\"sl_SI\" \/>\n<meta property=\"og:type\" content=\"article\" \/>\n<meta property=\"og:title\" content=\"Prenos - Pika kilns d.o.o.\" \/>\n<meta property=\"og:description\" content=\"Prenos Prenesite priro\u010dnike Tu najdete vse priro\u010dnike na\u0161ih izdelkov. Pe\u010di za keramiko Model &#8211; TL okrogla 21 L Model &#8211; TL okrogla 21 LH Model &#8211; TL okrogla 52 L Model &#8211; TL okrogla 52 LH Model &#8211; 56 LH Model &#8211; TL okrogla 70 L Model &#8211; TL okrogla 70 LH Model &#8211; 85&hellip;\" \/>\n<meta property=\"og:url\" content=\"https:\/\/pika-kilns.com\/sl\/prenos\/\" \/>\n<meta property=\"og:site_name\" content=\"Pika kilns d.o.o.\" \/>\n<meta property=\"article:modified_time\" content=\"2020-03-16T12:06:39+00:00\" \/>\n<meta name=\"twitter:card\" content=\"summary_large_image\" \/>\n<meta name=\"twitter:label1\" content=\"Est. reading time\" \/>\n\t<meta name=\"twitter:data1\" content=\"1 minuta\" \/>\n<script type=\"application\/ld+json\" class=\"yoast-schema-graph\">{\"@context\":\"https:\/\/schema.org\",\"@graph\":[{\"@type\":\"WebPage\",\"@id\":\"https:\/\/pika-kilns.com\/sl\/prenos\/\",\"url\":\"https:\/\/pika-kilns.com\/sl\/prenos\/\",\"name\":\"Prenos - Pika kilns d.o.o.\",\"isPartOf\":{\"@id\":\"https:\/\/pika-kilns.com\/sl\/#website\"},\"datePublished\":\"2020-01-14T17:21:59+00:00\",\"dateModified\":\"2020-03-16T12:06:39+00:00\",\"breadcrumb\":{\"@id\":\"https:\/\/pika-kilns.com\/sl\/prenos\/#breadcrumb\"},\"inLanguage\":\"sl-SI\",\"potentialAction\":[{\"@type\":\"ReadAction\",\"target\":[\"https:\/\/pika-kilns.com\/sl\/prenos\/\"]}]},{\"@type\":\"BreadcrumbList\",\"@id\":\"https:\/\/pika-kilns.com\/sl\/prenos\/#breadcrumb\",\"itemListElement\":[{\"@type\":\"ListItem\",\"position\":1,\"name\":\"Domov\",\"item\":\"https:\/\/pika-kilns.com\/sl\/\"},{\"@type\":\"ListItem\",\"position\":2,\"name\":\"Prenos\"}]},{\"@type\":\"WebSite\",\"@id\":\"https:\/\/pika-kilns.com\/sl\/#website\",\"url\":\"https:\/\/pika-kilns.com\/sl\/\",\"name\":\"Pika kilns d.o.o.\",\"description\":\"Production of electric kilns for glass and ceramic\",\"potentialAction\":[{\"@type\":\"SearchAction\",\"target\":{\"@type\":\"EntryPoint\",\"urlTemplate\":\"https:\/\/pika-kilns.com\/sl\/?s={search_term_string}\"},\"query-input\":\"required name=search_term_string\"}],\"inLanguage\":\"sl-SI\"}]}<\/script>\n<!-- \/ Yoast SEO plugin. -->","yoast_head_json":{"title":"Prenos - Pika kilns d.o.o.","robots":{"index":"index","follow":"follow","max-snippet":"max-snippet:-1","max-image-preview":"max-image-preview:large","max-video-preview":"max-video-preview:-1"},"canonical":"https:\/\/pika-kilns.com\/sl\/prenos\/","og_locale":"sl_SI","og_type":"article","og_title":"Prenos - Pika kilns d.o.o.","og_description":"Prenos Prenesite priro\u010dnike Tu najdete vse priro\u010dnike na\u0161ih izdelkov. Pe\u010di za keramiko Model &#8211; TL okrogla 21 L Model &#8211; TL okrogla 21 LH Model &#8211; TL okrogla 52 L Model &#8211; TL okrogla 52 LH Model &#8211; 56 LH Model &#8211; TL okrogla 70 L Model &#8211; TL okrogla 70 LH Model &#8211; 85&hellip;","og_url":"https:\/\/pika-kilns.com\/sl\/prenos\/","og_site_name":"Pika kilns d.o.o.","article_modified_time":"2020-03-16T12:06:39+00:00","twitter_card":"summary_large_image","twitter_misc":{"Est. reading time":"1 minuta"},"schema":{"@context":"https:\/\/schema.org","@graph":[{"@type":"WebPage","@id":"https:\/\/pika-kilns.com\/sl\/prenos\/","url":"https:\/\/pika-kilns.com\/sl\/prenos\/","name":"Prenos - Pika kilns d.o.o.","isPartOf":{"@id":"https:\/\/pika-kilns.com\/sl\/#website"},"datePublished":"2020-01-14T17:21:59+00:00","dateModified":"2020-03-16T12:06:39+00:00","breadcrumb":{"@id":"https:\/\/pika-kilns.com\/sl\/prenos\/#breadcrumb"},"inLanguage":"sl-SI","potentialAction":[{"@type":"ReadAction","target":["https:\/\/pika-kilns.com\/sl\/prenos\/"]}]},{"@type":"BreadcrumbList","@id":"https:\/\/pika-kilns.com\/sl\/prenos\/#breadcrumb","itemListElement":[{"@type":"ListItem","position":1,"name":"Domov","item":"https:\/\/pika-kilns.com\/sl\/"},{"@type":"ListItem","position":2,"name":"Prenos"}]},{"@type":"WebSite","@id":"https:\/\/pika-kilns.com\/sl\/#website","url":"https:\/\/pika-kilns.com\/sl\/","name":"Pika kilns d.o.o.","description":"Production of electric kilns for glass and ceramic","potentialAction":[{"@type":"SearchAction","target":{"@type":"EntryPoint","urlTemplate":"https:\/\/pika-kilns.com\/sl\/?s={search_term_string}"},"query-input":"required name=search_term_string"}],"inLanguage":"sl-SI"}]}},"_links":{"self":[{"href":"https:\/\/pika-kilns.com\/sl\/wp-json\/wp\/v2\/pages\/254"}],"collection":[{"href":"https:\/\/pika-kilns.com\/sl\/wp-json\/wp\/v2\/pages"}],"about":[{"href":"https:\/\/pika-kilns.com\/sl\/wp-json\/wp\/v2\/types\/page"}],"author":[{"embeddable":true,"href":"https:\/\/pika-kilns.com\/sl\/wp-json\/wp\/v2\/users\/1"}],"replies":[{"embeddable":true,"href":"https:\/\/pika-kilns.com\/sl\/wp-json\/wp\/v2\/comments?post=254"}],"version-history":[{"count":1,"href":"https:\/\/pika-kilns.com\/sl\/wp-json\/wp\/v2\/pages\/254\/revisions"}],"predecessor-version":[{"id":445,"href":"https:\/\/pika-kilns.com\/sl\/wp-json\/wp\/v2\/pages\/254\/revisions\/445"}],"wp:attachment":[{"href":"https:\/\/pika-kilns.com\/sl\/wp-json\/wp\/v2\/media?parent=254"}],"curies":[{"name":"wp","href":"https:\/\/api.w.org\/{rel}","templated":true}]}}