{"id":242,"date":"2020-01-14T18:13:09","date_gmt":"2020-01-14T17:13:09","guid":{"rendered":"http:\/\/pika-kilns.com\/home\/"},"modified":"2023-04-11T13:37:18","modified_gmt":"2023-04-11T11:37:18","slug":"domov","status":"publish","type":"page","link":"https:\/\/pika-kilns.com\/sl\/","title":{"rendered":"Domov"},"content":{"rendered":"\n\n\t\t<h2>\n\t\t\tPika Kilns\n\t\t<\/h2>\n\t\t\t<strong>Proizvodnja elektri\u010dnih pe\u010di za steklo in keramiko<\/strong>\t\t\n\t\t\t<a href=\"tel:+38641686625\" role=\"button\" target=\"_self\" onclick=\"\" rel=\"noopener\">\n\t\t\t\t\t\t\t\t\t\t\t\t\t\t\t\t\t\t\t\t\t\tPOKLI\u010cITE NAS\n\t\t\t\t\t\t\t<\/a>\n\t\t\t<a href=\"#contact\" role=\"button\" target=\"_self\" onclick=\"\" rel=\"noopener\">\n\t\t\t\t\t\t\t\t\t\t\t\t\t\t\t\t\t\t\t\t\t\tKONTAKT\n\t\t\t\t\t\t\t<\/a>\n\t\t<h3>\n\t\t\tPonudba pe\u010di\n\t\t<\/h3>\n\t\t\t\t<a href=\"http:\/\/pika-kilns.com\/sl\/kategorija-izdelka\/peci-za-steklo\/\" target=\"_self\" itemprop=\"url\" rel=\"noopener\">\n\t\t\t\t<img src=\"https:\/\/pika-kilns.com\/wp-content\/uploads\/2019\/11\/9efb82ff-2ba0-420b-8267-45261f468a52.jpg\" alt=\"\" itemprop=\"image\" height=\"1365\" width=\"1024\" onerror=\"this.style.display='none'\"  \/>\n\t\t\t\t<\/a>\n\t<h3><a href=\"http:\/\/pika-kilns.com\/sl\/kategorija-izdelka\/peci-za-steklo\/\"><strong>Pe\u010di za steklo<\/strong><\/a><\/h3>\n\t\t\t\t<a href=\"http:\/\/pika-kilns.com\/sl\/kategorija-izdelka\/peci-za-keramiko\/\" target=\"_self\" itemprop=\"url\" rel=\"noopener\">\n\t\t\t\t<img src=\"https:\/\/pika-kilns.com\/wp-content\/uploads\/2019\/11\/c7ade964-3f81-4411-9d47-bf75c8c063c8.jpg\" alt=\"c7ade964-3f81-4411-9d47-bf75c8c063c8\" itemprop=\"image\" height=\"709\" width=\"924\" title=\"c7ade964-3f81-4411-9d47-bf75c8c063c8\" onerror=\"this.style.display='none'\"  \/>\n\t\t\t\t<\/a>\n\t<h3><a href=\"http:\/\/pika-kilns.com\/sl\/kategorija-izdelka\/peci-za-kovino\/\"><strong>Pe\u010di za keramiko<\/strong><\/a><\/h3>\n\t\t\t\t<a href=\"http:\/\/pika-kilns.com\/sl\/kategorija-izdelka\/peci-za-kovino\/\" target=\"_self\" itemprop=\"url\" rel=\"noopener\">\n\t\t\t\t<img src=\"https:\/\/pika-kilns.com\/wp-content\/uploads\/2019\/11\/2e4ef92d-365b-40b7-b019-09e917e13455.jpg\" alt=\"2e4ef92d-365b-40b7-b019-09e917e13455\" itemprop=\"image\" height=\"216\" width=\"300\" title=\"2e4ef92d-365b-40b7-b019-09e917e13455\" onerror=\"this.style.display='none'\"  \/>\n\t\t\t\t<\/a>\n\t<h3><a href=\"http:\/\/pika-kilns.com\/sl\/peci-za-kovino\/\"><strong>Pe\u010di za kovino<\/strong><\/a><\/h3>\n\t\t\t\t<a href=\"http:\/\/pika-kilns.com\/sl\/kategorija-izdelka\/ostale-peci\/\" target=\"_self\" itemprop=\"url\" rel=\"noopener\">\n\t\t\t\t<img src=\"https:\/\/pika-kilns.com\/wp-content\/uploads\/2019\/11\/2635a3d5-b6ab-41eb-b46c-b5aafde58405.jpg\" alt=\"2635a3d5-b6ab-41eb-b46c-b5aafde58405\" itemprop=\"image\" height=\"216\" width=\"300\" title=\"2635a3d5-b6ab-41eb-b46c-b5aafde58405\" onerror=\"this.style.display='none'\"  \/>\n\t\t\t\t<\/a>\n\t<h3><a href=\"http:\/\/pika-kilns.com\/sl\/kategorija-izdelka\/ostale-peci\/\"><strong>Ostale pe\u010di<\/strong><\/a><\/h3>\n\t<p><strong>V na\u0161i ponudbi lahko najdete vse vrste pe\u010di za visoko \u017eganje, tako standardne, kot izdelane po naro\u010dilu. <\/strong><\/p>\n<p>Na\u0161e pe\u010di so primerne za uporabo v najrazli\u010dnej\u0161ih velikih in majhnih podjetjih, v zasebnih organizacijah, \u0161olah, vrtcih in tudi zasebnih domovanjih kreativnih umetnikov. Pe\u010di PIKA so popolnoma na\u0161 produkt, od za\u010detnih skic, do kon\u010dne izdelave.<\/p>\n\t\t<h3>\n\t\t\tO nas\n\t\t<\/h3>\n\t\t\t<h4>Za nami je dobrih 30 let uspe\u0161nega poslovanja, v \u010dasu katerega smo z na\u0161imi pe\u010dmi opremili \u0161tevilna\u00a0<a href=\"http:\/\/pika-kilns.com\/sl\/o-nas\/\" target=\"_self\" rel=\"noopener\">slovenska in tuja podjetja<\/a>.<\/h4>\t\t\n\t<a href=\"http:\/\/pika-kilns.com\/sl\/o-nas\/\" target=\"_self\" role=\"button\" aria-label=\"PREBERITE VE\u010c\" rel=\"noopener\">\n\t\t\t\t\t\tPREBERITE VE\u010c\n\t\t\t\t\t<\/a>\n\t\t<h3>\n\t\t\tPovpra\u0161evanje\n\t\t<\/h3>\n\t\t\tVabimo vas, da nam zaupate svoje \u017eelje. S svojimi nasveti in dolgoletnimi izku\u0161njami bomo z veseljem pomagali vsem, ki bi pri svojem delu potrebovali zmogljivo in kakovostno pe\u010d.\t\t\n\t<a href=\"http:\/\/pika-kilns.com\/sl\/kontakt\/\" target=\"_self\" role=\"button\" aria-label=\"KONTAKT\" rel=\"noopener\">\n\t\t\t\t\t\tKONTAKT\n\t\t\t\t\t<\/a>\n\t\t<h3>\n\t\t\tPrenesite priro\u010dnike\n\t\t<\/h3>\n<strong>Tu najdete vse priro\u010dnike na\u0161ih izdelkov.<\/strong>\n\n\t\t<ul>\n\t\t\t\t\t<li>\n\t\t\t\t<h3>Pe\u010di za keramiko<\/h3>\n\t\t\t\t\t\t\t<a href=\"http:\/\/pika-kilns.com\/sl\/prenos\/\" target=\"_self\" rel=\"noopener\">Najdi priro\u010dnik<\/a>\n\t\t\t<\/li>\n\t\t\t\t\t<li>\n\t\t\t\t<h3>Pe\u010di za taljenje stekla<\/h3>\n\t\t\t\t\t\t\t<a href=\"http:\/\/pika-kilns.com\/sl\/prenos\/\" target=\"_self\" rel=\"noopener\">Najdi priro\u010dnik<\/a>\n\t\t\t<\/li>\n\t\t\t\t<\/ul>\n\t\t<ul>\n\t\t\t\t\t<li>\n\t\t\t\t<h3>Pe\u010di za steklo<\/h3>\n\t\t\t\t\t\t\t<a href=\"http:\/\/pika-kilns.com\/sl\/prenos\/\" target=\"_self\" rel=\"noopener\">Najdi priro\u010dnik<\/a>\n\t\t\t<\/li>\n\t\t\t\t\t<li>\n\t\t\t\t<h3>Laboratorijske pe\u010di<\/h3>\n\t\t\t\t\t\t\t<a href=\"http:\/\/pika-kilns.com\/sl\/prenos\/\" target=\"_self\" rel=\"noopener\">Najdi priro\u010dnik<\/a>\n\t\t\t<\/li>\n\t\t\t\t<\/ul>\n\t\t<ul>\n\t\t\t\t\t<li>\n\t\t\t\t<h3>Pe\u010di za nakit<\/h3>\n\t\t\t\t\t\t\t<a href=\"http:\/\/pika-kilns.com\/sl\/prenos\/\" target=\"_self\" rel=\"noopener\">Najdi priro\u010dnik<\/a>\n\t\t\t<\/li>\n\t\t\t\t\t<li>\n\t\t\t\t<h3>Pe\u010di z luknjami<\/h3>\n\t\t\t\t\t\t\t<a href=\"http:\/\/pika-kilns.com\/sl\/prenos\/\" target=\"_self\" rel=\"noopener\">Najdi priro\u010dnik<\/a>\n\t\t\t<\/li>\n\t\t\t\t<\/ul>\n\t\t<h3>\n\t\t\tProizvodnja elektri\u010dnih pe\u010di za steklo in keramiko\n\t\t<\/h3>\n\t\t\t\t<a\n\t\t\thref=\"https:\/\/pika-kilns.com\/wp-content\/uploads\/2019\/11\/0daa09d7-ab73-4dc8-a81c-86a4aefe6c1a.jpg\"\n\t\t\t\t\t\tdata-fancybox=\"images\" \n\t\t\ttitle=\"0daa09d7-ab73-4dc8-a81c-86a4aefe6c1a\" \n\t\t\t\t\t\tdata-caption=\"\"\n\t\t\t\t\t\tdata-description=\"\" \n\t\t\titemprop=\"contentUrl\">\n\t\t\t<img src=\"https:\/\/pika-kilns.com\/wp-content\/uploads\/2019\/11\/0daa09d7-ab73-4dc8-a81c-86a4aefe6c1a.jpg\" alt=\"\" data-no-lazy=\"1\" itemprop=\"thumbnail\" width=\"960\" height=\"400\" \/>\n\t\t\t<!-- Overlay Wrapper -->\n\t\t\t <!-- Overlay Wrapper Closed -->\n\t\t\t\t<\/a>\n\t\t\t\t\t\t\t<meta itemprop=\"width\" content=\"960\" \/>\n\t\t\t<meta itemprop=\"height\" content=\"400\" \/>\n\t\t\t\t<a\n\t\t\thref=\"https:\/\/pika-kilns.com\/wp-content\/uploads\/2019\/11\/1df6d222-3bbc-42d4-9566-8ce0e2f5a658.jpg\"\n\t\t\t\t\t\tdata-fancybox=\"images\" \n\t\t\ttitle=\"1df6d222-3bbc-42d4-9566-8ce0e2f5a658\" \n\t\t\t\t\t\tdata-caption=\"\"\n\t\t\t\t\t\tdata-description=\"\" \n\t\t\titemprop=\"contentUrl\">\n\t\t\t<img src=\"https:\/\/pika-kilns.com\/wp-content\/uploads\/2019\/11\/1df6d222-3bbc-42d4-9566-8ce0e2f5a658.jpg\" alt=\"\" data-no-lazy=\"1\" itemprop=\"thumbnail\" width=\"300\" height=\"216\" \/>\n\t\t\t<!-- Overlay Wrapper -->\n\t\t\t <!-- Overlay Wrapper Closed -->\n\t\t\t\t<\/a>\n\t\t\t\t\t\t\t<meta itemprop=\"width\" content=\"300\" \/>\n\t\t\t<meta itemprop=\"height\" content=\"216\" \/>\n\t\t\t\t<a\n\t\t\thref=\"https:\/\/pika-kilns.com\/wp-content\/uploads\/2019\/11\/9abbb3e3-e238-42ca-af96-664a67fbc3d7.jpg\"\n\t\t\t\t\t\tdata-fancybox=\"images\" \n\t\t\ttitle=\"9abbb3e3-e238-42ca-af96-664a67fbc3d7\" \n\t\t\t\t\t\tdata-caption=\"\"\n\t\t\t\t\t\tdata-description=\"\" \n\t\t\titemprop=\"contentUrl\">\n\t\t\t<img src=\"https:\/\/pika-kilns.com\/wp-content\/uploads\/2019\/11\/9abbb3e3-e238-42ca-af96-664a67fbc3d7.jpg\" alt=\"\" data-no-lazy=\"1\" itemprop=\"thumbnail\" width=\"960\" height=\"400\" \/>\n\t\t\t<!-- Overlay Wrapper -->\n\t\t\t <!-- Overlay Wrapper Closed -->\n\t\t\t\t<\/a>\n\t\t\t\t\t\t\t<meta itemprop=\"width\" content=\"960\" \/>\n\t\t\t<meta itemprop=\"height\" content=\"400\" \/>\n\t\t\t\t<a\n\t\t\thref=\"https:\/\/pika-kilns.com\/wp-content\/uploads\/2019\/11\/54dff6b5-75b5-4ac2-a507-dccae6c8691a.jpg\"\n\t\t\t\t\t\tdata-fancybox=\"images\" \n\t\t\ttitle=\"54dff6b5-75b5-4ac2-a507-dccae6c8691a\" \n\t\t\t\t\t\tdata-caption=\"\"\n\t\t\t\t\t\tdata-description=\"\" \n\t\t\titemprop=\"contentUrl\">\n\t\t\t<img src=\"https:\/\/pika-kilns.com\/wp-content\/uploads\/2019\/11\/54dff6b5-75b5-4ac2-a507-dccae6c8691a.jpg\" alt=\"\" data-no-lazy=\"1\" itemprop=\"thumbnail\" width=\"960\" height=\"400\" \/>\n\t\t\t<!-- Overlay Wrapper -->\n\t\t\t <!-- Overlay Wrapper Closed -->\n\t\t\t\t<\/a>\n\t\t\t\t\t\t\t<meta itemprop=\"width\" content=\"960\" \/>\n\t\t\t<meta itemprop=\"height\" content=\"400\" \/>\n\t\t\t\t<a\n\t\t\thref=\"https:\/\/pika-kilns.com\/wp-content\/uploads\/2019\/11\/35481e92-f39a-4345-a446-dda85139cd2c.jpg\"\n\t\t\t\t\t\tdata-fancybox=\"images\" \n\t\t\ttitle=\"35481e92-f39a-4345-a446-dda85139cd2c\" \n\t\t\t\t\t\tdata-caption=\"\"\n\t\t\t\t\t\tdata-description=\"\" \n\t\t\titemprop=\"contentUrl\">\n\t\t\t<img src=\"https:\/\/pika-kilns.com\/wp-content\/uploads\/2019\/11\/35481e92-f39a-4345-a446-dda85139cd2c.jpg\" alt=\"\" data-no-lazy=\"1\" itemprop=\"thumbnail\" width=\"960\" height=\"400\" \/>\n\t\t\t<!-- Overlay Wrapper -->\n\t\t\t <!-- Overlay Wrapper Closed -->\n\t\t\t\t<\/a>\n\t\t\t\t\t\t\t<meta itemprop=\"width\" content=\"960\" \/>\n\t\t\t<meta itemprop=\"height\" content=\"400\" \/>\n\t\t\t\t<a\n\t\t\thref=\"https:\/\/pika-kilns.com\/wp-content\/uploads\/2019\/11\/00828721-96f0-4632-8e69-3c58b393bd51-1024x787.jpg\"\n\t\t\t\t\t\tdata-fancybox=\"images\" \n\t\t\ttitle=\"00828721-96f0-4632-8e69-3c58b393bd51\" \n\t\t\t\t\t\tdata-caption=\"\"\n\t\t\t\t\t\tdata-description=\"\" \n\t\t\titemprop=\"contentUrl\">\n\t\t\t<img src=\"https:\/\/pika-kilns.com\/wp-content\/uploads\/2019\/11\/00828721-96f0-4632-8e69-3c58b393bd51-1024x787.jpg\" alt=\"\" data-no-lazy=\"1\" itemprop=\"thumbnail\" width=\"1024\" height=\"787\" \/>\n\t\t\t<!-- Overlay Wrapper -->\n\t\t\t <!-- Overlay Wrapper Closed -->\n\t\t\t\t<\/a>\n\t\t\t\t\t\t\t<meta itemprop=\"width\" content=\"1024\" \/>\n\t\t\t<meta itemprop=\"height\" content=\"787\" \/>\n\t\t\t\t<a\n\t\t\thref=\"https:\/\/pika-kilns.com\/wp-content\/uploads\/2019\/11\/b58e1551-ae13-423a-adb1-03071446be46.jpg\"\n\t\t\t\t\t\tdata-fancybox=\"images\" \n\t\t\ttitle=\"b58e1551-ae13-423a-adb1-03071446be46\" \n\t\t\t\t\t\tdata-caption=\"\"\n\t\t\t\t\t\tdata-description=\"\" \n\t\t\titemprop=\"contentUrl\">\n\t\t\t<img src=\"https:\/\/pika-kilns.com\/wp-content\/uploads\/2019\/11\/b58e1551-ae13-423a-adb1-03071446be46.jpg\" alt=\"\" data-no-lazy=\"1\" itemprop=\"thumbnail\" width=\"960\" height=\"400\" \/>\n\t\t\t<!-- Overlay Wrapper -->\n\t\t\t <!-- Overlay Wrapper Closed -->\n\t\t\t\t<\/a>\n\t\t\t\t\t\t\t<meta itemprop=\"width\" content=\"960\" \/>\n\t\t\t<meta itemprop=\"height\" content=\"400\" \/>\n\t\t\t\t<a\n\t\t\thref=\"https:\/\/pika-kilns.com\/wp-content\/uploads\/2019\/11\/b84d4f6a-41e0-4df7-9451-55272162a4fa.jpg\"\n\t\t\t\t\t\tdata-fancybox=\"images\" \n\t\t\ttitle=\"b84d4f6a-41e0-4df7-9451-55272162a4fa\" \n\t\t\t\t\t\tdata-caption=\"\"\n\t\t\t\t\t\tdata-description=\"\" \n\t\t\titemprop=\"contentUrl\">\n\t\t\t<img src=\"https:\/\/pika-kilns.com\/wp-content\/uploads\/2019\/11\/b84d4f6a-41e0-4df7-9451-55272162a4fa.jpg\" alt=\"\" data-no-lazy=\"1\" itemprop=\"thumbnail\" width=\"300\" height=\"216\" \/>\n\t\t\t<!-- Overlay Wrapper -->\n\t\t\t <!-- Overlay Wrapper Closed -->\n\t\t\t\t<\/a>\n\t\t\t\t\t\t\t<meta itemprop=\"width\" content=\"300\" \/>\n\t\t\t<meta itemprop=\"height\" content=\"216\" \/>\n\t\t\t\t<a\n\t\t\thref=\"https:\/\/pika-kilns.com\/wp-content\/uploads\/2019\/11\/b1947bd1-3799-41e4-ba68-63640c6d5c75.jpg\"\n\t\t\t\t\t\tdata-fancybox=\"images\" \n\t\t\ttitle=\"b1947bd1-3799-41e4-ba68-63640c6d5c75\" \n\t\t\t\t\t\tdata-caption=\"\"\n\t\t\t\t\t\tdata-description=\"\" \n\t\t\titemprop=\"contentUrl\">\n\t\t\t<img src=\"https:\/\/pika-kilns.com\/wp-content\/uploads\/2019\/11\/b1947bd1-3799-41e4-ba68-63640c6d5c75.jpg\" alt=\"\" data-no-lazy=\"1\" itemprop=\"thumbnail\" width=\"960\" height=\"400\" \/>\n\t\t\t<!-- Overlay Wrapper -->\n\t\t\t <!-- Overlay Wrapper Closed -->\n\t\t\t\t<\/a>\n\t\t\t\t\t\t\t<meta itemprop=\"width\" content=\"960\" \/>\n\t\t\t<meta itemprop=\"height\" content=\"400\" \/>\n\t\t\t\t<a\n\t\t\thref=\"https:\/\/pika-kilns.com\/wp-content\/uploads\/2019\/11\/c7ade964-3f81-4411-9d47-bf75c8c063c8.jpg\"\n\t\t\t\t\t\tdata-fancybox=\"images\" \n\t\t\ttitle=\"c7ade964-3f81-4411-9d47-bf75c8c063c8\" \n\t\t\t\t\t\tdata-caption=\"\"\n\t\t\t\t\t\tdata-description=\"\" \n\t\t\titemprop=\"contentUrl\">\n\t\t\t<img src=\"https:\/\/pika-kilns.com\/wp-content\/uploads\/2019\/11\/c7ade964-3f81-4411-9d47-bf75c8c063c8.jpg\" alt=\"\" data-no-lazy=\"1\" itemprop=\"thumbnail\" width=\"924\" height=\"709\" \/>\n\t\t\t<!-- Overlay Wrapper -->\n\t\t\t <!-- Overlay Wrapper Closed -->\n\t\t\t\t<\/a>\n\t\t\t\t\t\t\t<meta itemprop=\"width\" content=\"924\" \/>\n\t\t\t<meta itemprop=\"height\" content=\"709\" \/>\n\t\t\t\t<a\n\t\t\thref=\"https:\/\/pika-kilns.com\/wp-content\/uploads\/2019\/11\/d9a19147-7458-468e-a5b6-38a893bb88f7.jpg\"\n\t\t\t\t\t\tdata-fancybox=\"images\" \n\t\t\ttitle=\"d9a19147-7458-468e-a5b6-38a893bb88f7\" \n\t\t\t\t\t\tdata-caption=\"\"\n\t\t\t\t\t\tdata-description=\"\" \n\t\t\titemprop=\"contentUrl\">\n\t\t\t<img src=\"https:\/\/pika-kilns.com\/wp-content\/uploads\/2019\/11\/d9a19147-7458-468e-a5b6-38a893bb88f7.jpg\" alt=\"\" data-no-lazy=\"1\" itemprop=\"thumbnail\" width=\"960\" height=\"400\" \/>\n\t\t\t<!-- Overlay Wrapper -->\n\t\t\t <!-- Overlay Wrapper Closed -->\n\t\t\t\t<\/a>\n\t\t\t\t\t\t\t<meta itemprop=\"width\" content=\"960\" \/>\n\t\t\t<meta itemprop=\"height\" content=\"400\" \/>\n\t\t\t\t<a\n\t\t\thref=\"https:\/\/pika-kilns.com\/wp-content\/uploads\/2019\/11\/d79268e3-d7d0-451d-b995-e97705a4076a.jpg\"\n\t\t\t\t\t\tdata-fancybox=\"images\" \n\t\t\ttitle=\"d79268e3-d7d0-451d-b995-e97705a4076a\" \n\t\t\t\t\t\tdata-caption=\"\"\n\t\t\t\t\t\tdata-description=\"\" \n\t\t\titemprop=\"contentUrl\">\n\t\t\t<img src=\"https:\/\/pika-kilns.com\/wp-content\/uploads\/2019\/11\/d79268e3-d7d0-451d-b995-e97705a4076a.jpg\" alt=\"\" data-no-lazy=\"1\" itemprop=\"thumbnail\" width=\"300\" height=\"216\" \/>\n\t\t\t<!-- Overlay Wrapper -->\n\t\t\t <!-- Overlay Wrapper Closed -->\n\t\t\t\t<\/a>\n\t\t\t\t\t\t\t<meta itemprop=\"width\" content=\"300\" \/>\n\t\t\t<meta itemprop=\"height\" content=\"216\" \/>\n\t\t\t\t<a\n\t\t\thref=\"https:\/\/pika-kilns.com\/wp-content\/uploads\/2019\/11\/ff0eb0a5-bfb7-45d8-88a3-e9a010153db0-1024x1005.jpg\"\n\t\t\t\t\t\tdata-fancybox=\"images\" \n\t\t\ttitle=\"ff0eb0a5-bfb7-45d8-88a3-e9a010153db0\" \n\t\t\t\t\t\tdata-caption=\"\"\n\t\t\t\t\t\tdata-description=\"\" \n\t\t\titemprop=\"contentUrl\">\n\t\t\t<img src=\"https:\/\/pika-kilns.com\/wp-content\/uploads\/2019\/11\/ff0eb0a5-bfb7-45d8-88a3-e9a010153db0-1024x1005.jpg\" alt=\"\" data-no-lazy=\"1\" itemprop=\"thumbnail\" width=\"1024\" height=\"1005\" \/>\n\t\t\t<!-- Overlay Wrapper -->\n\t\t\t <!-- Overlay Wrapper Closed -->\n\t\t\t\t<\/a>\n\t\t\t\t\t\t\t<meta itemprop=\"width\" content=\"1024\" \/>\n\t\t\t<meta itemprop=\"height\" content=\"1005\" \/>\n\t\t<h3>\n\t\t\tZadnje novice\n\t\t<\/h3>\n\t\t\tZadnje novice iz na\u0161ega podjetja.\t\t\n\t\t<p>\u017dal nismo  na\u0161li zapisov.<\/p>\n\t\t\t\t<form aria-label=\"Iskanje\" method=\"get\" role=\"search\" action=\"https:\/\/pika-kilns.com\/sl\/\" title=\"Napi\u0161i in pritisni enter za iskanje\">\n\t<input aria-label=\"Iskanje\" type=\"search\" name=\"s\" placeholder=\"I\u0161\u010di\"  value=\"\" onfocus=\"if (this.value === 'I\u0161\u010di') { this.value = ''; }\" onblur=\"if (this.value === '') this.value='I\u0161\u010di';\" \/>\n<\/form>\n\t\t<h3>\n\t\t\tInformacije podjetja\n\t\t<\/h3>\n\t\t\tZa vse nadaljnje informacije nam po\u0161ljite svoje povpra\u0161evanje, na katerega bomo odgovorili v najkraj\u0161em mo\u017enem \u010dasu!\t\t\n\t\t<h5>\n\t\t\tNASLOV\n\t\t<\/h5>\n\t\t\tDovje 117, 4281 Mojstrana, Slovenija\t\t\n\t\t<h5>\n\t\t\tTELEFON\n\t\t<\/h5>\n\t\t\t<a href=\"tel:+38641686625\">+ 386 41 68 66 25<\/a>\t\t\n\t\t<h5>\n\t\t\tE-PO\u0160TA\n\t\t<\/h5>\n\t\t\t<a href=\"mailto:pika.doo@siol.net\">pika.doo@siol.net<\/a>\t\t\n\t\t<h3>\n\t\t\tKontakt\n\t\t<\/h3>\n\t\t\tVabimo vas, da nam zaupate svoje \u017eelje. S svojimi nasveti in dolgoletnimi izku\u0161njami bomo z veseljem pomagali vsem, ki bi pri svojem delu potrebovali zmogljivo in kakovostno pe\u010d.\t\t\n<form>\n\t<input type=\"hidden\" name=\"fl-layout-id\" value=\"242\" \/>\n    \t\t<label for=\"pp-name-\">Ime<\/label>\n    \t\tPlease enter your name.\n    \t\t<input type=\"text\" name=\"pp-name\" id=\"pp-name-\" value=\"\"  \/>\n    \t\t<label for=\"pp-email-\">E-po\u0161ta<\/label>\n    \t\tPlease enter a valid email address.\n    \t\t<input type=\"email\" name=\"pp-email\" id=\"pp-email-\" value=\"\"  \/>\n    \t\t<label for=\"pp-phone-\">Telefon<\/label>\n    \t\tPlease enter a valid phone number.\n    \t\t<input type=\"tel\" name=\"pp-phone\" id=\"pp-phone-\" value=\"\"  \/>\n    \t\t<label for=\"pp-message-\">Sporo\u010dilo<\/label>\n    \t\tPlease type your message.\n    \t\t<textarea name=\"pp-message\" id=\"pp-message-\"><\/textarea>\n    \t<a href=\"#\" target=\"_self\" role=\"button\" rel=\"noopener\">\n    \t\t    \t\t    \t\tPO\u0160LJITE\n    \t\t    \t\t    \t<\/a>\n\t\t\tMessage failed. Please try again.\n<\/form>\n  <p> Hvala za sporo\u010dilo!<\/p>\n\t<iframe src=\"https:\/\/www.google.com\/maps\/embed\/v1\/place?q=Dovje+117%2C4281+Mojstrana%2C+Slovenija&#038;key=AIzaSyD09zQ9PNDNNy9TadMuzRV_UsPUoWKntt8\" aria-hidden=\"true\"><\/iframe>\n\n","protected":false},"excerpt":{"rendered":"<p>Pika Kilns Proizvodnja elektri\u010dnih pe\u010di za steklo in keramiko POKLI\u010cITE NAS KONTAKT Ponudba pe\u010di Pe\u010di za steklo Pe\u010di za keramiko Pe\u010di za kovino Ostale pe\u010di V na\u0161i ponudbi lahko najdete vse vrste pe\u010di za visoko \u017eganje, tako standardne, kot izdelane po naro\u010dilu. Na\u0161e pe\u010di so primerne za uporabo v najrazli\u010dnej\u0161ih velikih in majhnih podjetjih, v&hellip;<\/p>\n","protected":false},"author":1,"featured_media":0,"parent":0,"menu_order":0,"comment_status":"closed","ping_status":"closed","template":"","meta":[],"yoast_head":"<!-- This site is optimized with the Yoast SEO plugin v19.9 - https:\/\/yoast.com\/wordpress\/plugins\/seo\/ -->\n<title>Domov - Pika kilns d.o.o.<\/title>\n<meta name=\"robots\" content=\"index, follow, max-snippet:-1, max-image-preview:large, max-video-preview:-1\" \/>\n<link rel=\"canonical\" href=\"https:\/\/pika-kilns.com\/sl\/\" \/>\n<meta property=\"og:locale\" content=\"sl_SI\" \/>\n<meta property=\"og:type\" content=\"article\" \/>\n<meta property=\"og:title\" content=\"Domov - Pika kilns d.o.o.\" \/>\n<meta property=\"og:description\" content=\"Pika Kilns Proizvodnja elektri\u010dnih pe\u010di za steklo in keramiko POKLI\u010cITE NAS KONTAKT Ponudba pe\u010di Pe\u010di za steklo Pe\u010di za keramiko Pe\u010di za kovino Ostale pe\u010di V na\u0161i ponudbi lahko najdete vse vrste pe\u010di za visoko \u017eganje, tako standardne, kot izdelane po naro\u010dilu. Na\u0161e pe\u010di so primerne za uporabo v najrazli\u010dnej\u0161ih velikih in majhnih podjetjih, v&hellip;\" \/>\n<meta property=\"og:url\" content=\"https:\/\/pika-kilns.com\/sl\/\" \/>\n<meta property=\"og:site_name\" content=\"Pika kilns d.o.o.\" \/>\n<meta property=\"article:modified_time\" content=\"2023-04-11T11:37:18+00:00\" \/>\n<meta property=\"og:image\" content=\"https:\/\/pika-kilns.com\/wp-content\/uploads\/2019\/11\/9efb82ff-2ba0-420b-8267-45261f468a52.jpg\" \/>\n<meta name=\"twitter:card\" content=\"summary_large_image\" \/>\n<meta name=\"twitter:label1\" content=\"Est. reading time\" \/>\n\t<meta name=\"twitter:data1\" content=\"2 minuti\" \/>\n<script type=\"application\/ld+json\" class=\"yoast-schema-graph\">{\"@context\":\"https:\/\/schema.org\",\"@graph\":[{\"@type\":\"WebPage\",\"@id\":\"https:\/\/pika-kilns.com\/sl\/\",\"url\":\"https:\/\/pika-kilns.com\/sl\/\",\"name\":\"Domov - Pika kilns d.o.o.\",\"isPartOf\":{\"@id\":\"https:\/\/pika-kilns.com\/sl\/#website\"},\"datePublished\":\"2020-01-14T17:13:09+00:00\",\"dateModified\":\"2023-04-11T11:37:18+00:00\",\"breadcrumb\":{\"@id\":\"https:\/\/pika-kilns.com\/sl\/#breadcrumb\"},\"inLanguage\":\"sl-SI\",\"potentialAction\":[{\"@type\":\"ReadAction\",\"target\":[\"https:\/\/pika-kilns.com\/sl\/\"]}]},{\"@type\":\"BreadcrumbList\",\"@id\":\"https:\/\/pika-kilns.com\/sl\/#breadcrumb\",\"itemListElement\":[{\"@type\":\"ListItem\",\"position\":1,\"name\":\"Domov\",\"item\":\"https:\/\/pika-kilns.com\/sl\/\"},{\"@type\":\"ListItem\",\"position\":2,\"name\":\"Domov\"}]},{\"@type\":\"WebSite\",\"@id\":\"https:\/\/pika-kilns.com\/sl\/#website\",\"url\":\"https:\/\/pika-kilns.com\/sl\/\",\"name\":\"Pika kilns d.o.o.\",\"description\":\"Production of electric kilns for glass and ceramic\",\"potentialAction\":[{\"@type\":\"SearchAction\",\"target\":{\"@type\":\"EntryPoint\",\"urlTemplate\":\"https:\/\/pika-kilns.com\/sl\/?s={search_term_string}\"},\"query-input\":\"required name=search_term_string\"}],\"inLanguage\":\"sl-SI\"}]}<\/script>\n<!-- \/ Yoast SEO plugin. -->","yoast_head_json":{"title":"Domov - Pika kilns d.o.o.","robots":{"index":"index","follow":"follow","max-snippet":"max-snippet:-1","max-image-preview":"max-image-preview:large","max-video-preview":"max-video-preview:-1"},"canonical":"https:\/\/pika-kilns.com\/sl\/","og_locale":"sl_SI","og_type":"article","og_title":"Domov - Pika kilns d.o.o.","og_description":"Pika Kilns Proizvodnja elektri\u010dnih pe\u010di za steklo in keramiko POKLI\u010cITE NAS KONTAKT Ponudba pe\u010di Pe\u010di za steklo Pe\u010di za keramiko Pe\u010di za kovino Ostale pe\u010di V na\u0161i ponudbi lahko najdete vse vrste pe\u010di za visoko \u017eganje, tako standardne, kot izdelane po naro\u010dilu. Na\u0161e pe\u010di so primerne za uporabo v najrazli\u010dnej\u0161ih velikih in majhnih podjetjih, v&hellip;","og_url":"https:\/\/pika-kilns.com\/sl\/","og_site_name":"Pika kilns d.o.o.","article_modified_time":"2023-04-11T11:37:18+00:00","og_image":[{"url":"https:\/\/pika-kilns.com\/wp-content\/uploads\/2019\/11\/9efb82ff-2ba0-420b-8267-45261f468a52.jpg"}],"twitter_card":"summary_large_image","twitter_misc":{"Est. reading time":"2 minuti"},"schema":{"@context":"https:\/\/schema.org","@graph":[{"@type":"WebPage","@id":"https:\/\/pika-kilns.com\/sl\/","url":"https:\/\/pika-kilns.com\/sl\/","name":"Domov - Pika kilns d.o.o.","isPartOf":{"@id":"https:\/\/pika-kilns.com\/sl\/#website"},"datePublished":"2020-01-14T17:13:09+00:00","dateModified":"2023-04-11T11:37:18+00:00","breadcrumb":{"@id":"https:\/\/pika-kilns.com\/sl\/#breadcrumb"},"inLanguage":"sl-SI","potentialAction":[{"@type":"ReadAction","target":["https:\/\/pika-kilns.com\/sl\/"]}]},{"@type":"BreadcrumbList","@id":"https:\/\/pika-kilns.com\/sl\/#breadcrumb","itemListElement":[{"@type":"ListItem","position":1,"name":"Domov","item":"https:\/\/pika-kilns.com\/sl\/"},{"@type":"ListItem","position":2,"name":"Domov"}]},{"@type":"WebSite","@id":"https:\/\/pika-kilns.com\/sl\/#website","url":"https:\/\/pika-kilns.com\/sl\/","name":"Pika kilns d.o.o.","description":"Production of electric kilns for glass and ceramic","potentialAction":[{"@type":"SearchAction","target":{"@type":"EntryPoint","urlTemplate":"https:\/\/pika-kilns.com\/sl\/?s={search_term_string}"},"query-input":"required name=search_term_string"}],"inLanguage":"sl-SI"}]}},"_links":{"self":[{"href":"https:\/\/pika-kilns.com\/sl\/wp-json\/wp\/v2\/pages\/242"}],"collection":[{"href":"https:\/\/pika-kilns.com\/sl\/wp-json\/wp\/v2\/pages"}],"about":[{"href":"https:\/\/pika-kilns.com\/sl\/wp-json\/wp\/v2\/types\/page"}],"author":[{"embeddable":true,"href":"https:\/\/pika-kilns.com\/sl\/wp-json\/wp\/v2\/users\/1"}],"replies":[{"embeddable":true,"href":"https:\/\/pika-kilns.com\/sl\/wp-json\/wp\/v2\/comments?post=242"}],"version-history":[{"count":18,"href":"https:\/\/pika-kilns.com\/sl\/wp-json\/wp\/v2\/pages\/242\/revisions"}],"predecessor-version":[{"id":679,"href":"https:\/\/pika-kilns.com\/sl\/wp-json\/wp\/v2\/pages\/242\/revisions\/679"}],"wp:attachment":[{"href":"https:\/\/pika-kilns.com\/sl\/wp-json\/wp\/v2\/media?parent=242"}],"curies":[{"name":"wp","href":"https:\/\/api.w.org\/{rel}","templated":true}]}}